{"id":17,"date":"2026-02-09T21:23:15","date_gmt":"2026-02-09T20:23:15","guid":{"rendered":"https:\/\/vac.s11.fr\/?page_id=17"},"modified":"2026-03-03T08:32:17","modified_gmt":"2026-03-03T07:32:17","slug":"17-2","status":"publish","type":"page","link":"https:\/\/www.vivier-au-court.fr\/","title":{"rendered":"Accueil"},"content":{"rendered":"\n<div class=\"wp-block-cover alignfull has-custom-content-position is-position-bottom-center visible-overflow\" style=\"border-style:none;border-width:0px;margin-top:0;margin-bottom:0;padding-top:var(--wp--preset--spacing--50);padding-right:var(--wp--preset--spacing--50);padding-bottom:var(--wp--preset--spacing--20);padding-left:var(--wp--preset--spacing--50);box-shadow:var(--wp--preset--shadow--natural);min-height:632px;aspect-ratio:unset;\"><img loading=\"lazy\" decoding=\"async\" width=\"1920\" height=\"1440\" class=\"wp-block-cover__image-background wp-image-12 size-full\" alt=\"\" src=\"https:\/\/www.vivier-au-court.fr\/wp-content\/uploads\/2026\/02\/mairie-vivier-au-court112025.jpg\" data-object-fit=\"cover\" srcset=\"https:\/\/www.vivier-au-court.fr\/wp-content\/uploads\/2026\/02\/mairie-vivier-au-court112025.jpg 1920w, https:\/\/www.vivier-au-court.fr\/wp-content\/uploads\/2026\/02\/mairie-vivier-au-court112025-300x225.jpg 300w, https:\/\/www.vivier-au-court.fr\/wp-content\/uploads\/2026\/02\/mairie-vivier-au-court112025-1024x768.jpg 1024w, https:\/\/www.vivier-au-court.fr\/wp-content\/uploads\/2026\/02\/mairie-vivier-au-court112025-768x576.jpg 768w, https:\/\/www.vivier-au-court.fr\/wp-content\/uploads\/2026\/02\/mairie-vivier-au-court112025-1536x1152.jpg 1536w\" sizes=\"auto, (max-width: 1920px) 100vw, 1920px\" \/><span aria-hidden=\"true\" class=\"wp-block-cover__background has-background-dim-0 has-background-dim\" style=\"background-color:#0051ff\"><\/span><div class=\"wp-block-cover__inner-container is-layout-flow wp-block-cover-is-layout-flow\">\n<div class=\"wp-block-columns section-boutons-rapides has-background is-layout-flex wp-container-core-columns-is-layout-dd8a2831 wp-block-columns-is-layout-flex\" style=\"border-top-left-radius:72px;border-top-right-radius:72px;border-bottom-left-radius:72px;border-bottom-right-radius:72px;background-color:#ffffff00;margin-top:0;margin-bottom:0;padding-top:0;padding-right:var(--wp--preset--spacing--40);padding-bottom:0;padding-left:var(--wp--preset--spacing--40)\">\n<div class=\"wp-block-column is-vertically-aligned-bottom carte-bouton is-layout-flow wp-block-column-is-layout-flow\">\n<figure class=\"wp-block-image size-thumbnail\"><a href=\"https:\/\/www.vivier-au-court.fr\/?page_id=389\"><img loading=\"lazy\" decoding=\"async\" width=\"150\" height=\"150\" src=\"https:\/\/www.vivier-au-court.fr\/wp-content\/uploads\/2026\/02\/etatcivil-150x150.png\" alt=\"\" class=\"wp-image-189\"\/><\/a><\/figure>\n<\/div>\n\n\n\n<div class=\"wp-block-column is-vertically-aligned-center carte-bouton is-layout-flow wp-block-column-is-layout-flow\">\n<figure class=\"wp-block-image size-thumbnail\"><a href=\"https:\/\/www.vivier-au-court.fr\/?page_id=401\"><img loading=\"lazy\" decoding=\"async\" width=\"150\" height=\"150\" src=\"https:\/\/www.vivier-au-court.fr\/wp-content\/uploads\/2026\/02\/dechet-150x150.png\" alt=\"\" class=\"wp-image-197\"\/><\/a><\/figure>\n<\/div>\n\n\n\n<div class=\"wp-block-column is-vertically-aligned-center carte-bouton is-layout-flow wp-block-column-is-layout-flow\">\n<figure class=\"wp-block-image size-thumbnail\"><a href=\"https:\/\/www.vivier-au-court.fr\/?page_id=371\"><img loading=\"lazy\" decoding=\"async\" width=\"150\" height=\"150\" src=\"https:\/\/www.vivier-au-court.fr\/wp-content\/uploads\/2026\/02\/salle-150x150.png\" alt=\"\" class=\"wp-image-192\"\/><\/a><\/figure>\n<\/div>\n\n\n\n<div class=\"wp-block-column is-vertically-aligned-center carte-bouton is-layout-flow wp-block-column-is-layout-flow\">\n<figure class=\"wp-block-image size-thumbnail\"><a href=\"https:\/\/www.vivier-au-court.fr\/?page_id=294\"><img loading=\"lazy\" decoding=\"async\" width=\"150\" height=\"150\" src=\"https:\/\/www.vivier-au-court.fr\/wp-content\/uploads\/2026\/02\/police-2-150x150.png\" alt=\"\" class=\"wp-image-323\" srcset=\"https:\/\/www.vivier-au-court.fr\/wp-content\/uploads\/2026\/02\/police-2-150x150.png 150w, https:\/\/www.vivier-au-court.fr\/wp-content\/uploads\/2026\/02\/police-2-300x297.png 300w, https:\/\/www.vivier-au-court.fr\/wp-content\/uploads\/2026\/02\/police-2.png 315w\" sizes=\"auto, (max-width: 150px) 100vw, 150px\" \/><\/a><\/figure>\n<\/div>\n\n\n\n<div class=\"wp-block-column is-vertically-aligned-center carte-bouton is-layout-flow wp-block-column-is-layout-flow\">\n<figure class=\"wp-block-image size-thumbnail\"><a href=\"https:\/\/www.vivier-au-court.fr\/?page_id=364\"><img loading=\"lazy\" decoding=\"async\" width=\"150\" height=\"150\" src=\"https:\/\/www.vivier-au-court.fr\/wp-content\/uploads\/2026\/02\/urban-150x150.png\" alt=\"\" class=\"wp-image-196\"\/><\/a><\/figure>\n<\/div>\n\n\n<\/div>\n<\/div><\/div>\n\n\n\n<div class=\"wp-block-cover alignfull is-light\"><span aria-hidden=\"true\" class=\"wp-block-cover__background has-base-background-color has-background-dim-100 has-background-dim\"><\/span><div class=\"wp-block-cover__inner-container has-global-padding is-layout-constrained wp-block-cover-is-layout-constrained\">\n<div class=\"wp-block-columns alignwide is-layout-flex wp-container-core-columns-is-layout-28f84493 wp-block-columns-is-layout-flex\">\n<div class=\"wp-block-column is-layout-flow wp-block-column-is-layout-flow\">\n<div class=\"wp-block-group has-background has-global-padding is-layout-constrained wp-container-core-group-is-layout-2fb87d92 wp-block-group-is-layout-constrained\" style=\"border-top-left-radius:47px;border-top-right-radius:47px;border-bottom-left-radius:47px;border-bottom-right-radius:47px;background-color:#f3f3f3;margin-top:var(--wp--preset--spacing--30);margin-bottom:var(--wp--preset--spacing--30);padding-top:var(--wp--preset--spacing--40);padding-right:var(--wp--preset--spacing--30);padding-bottom:var(--wp--preset--spacing--40);padding-left:var(--wp--preset--spacing--30)\">\n<figure class=\"wp-block-image aligncenter size-large is-resized\"><img loading=\"lazy\" decoding=\"async\" width=\"1024\" height=\"323\" src=\"https:\/\/www.vivier-au-court.fr\/wp-content\/uploads\/2026\/02\/logoviviernew-2-1024x323.png\" alt=\"\" class=\"wp-image-24\" style=\"aspect-ratio:3.170445004198153;width:371px;height:auto\" srcset=\"https:\/\/www.vivier-au-court.fr\/wp-content\/uploads\/2026\/02\/logoviviernew-2-1024x323.png 1024w, https:\/\/www.vivier-au-court.fr\/wp-content\/uploads\/2026\/02\/logoviviernew-2-300x95.png 300w, https:\/\/www.vivier-au-court.fr\/wp-content\/uploads\/2026\/02\/logoviviernew-2-768x242.png 768w, https:\/\/www.vivier-au-court.fr\/wp-content\/uploads\/2026\/02\/logoviviernew-2-1536x485.png 1536w, https:\/\/www.vivier-au-court.fr\/wp-content\/uploads\/2026\/02\/logoviviernew-2-2048x646.png 2048w\" sizes=\"auto, (max-width: 1024px) 100vw, 1024px\" \/><\/figure>\n\n\n\n<p class=\"has-text-align-center has-small-font-size\" style=\"font-style:normal;font-weight:700\">44 Place de la R\u00e9publique<br>08440 Vivier-Au-Court<br>t\u00e9l\u00e9phone : <a href=\"tel:0324521311\">03 24 52 13 11 <\/a><br>mail : <a href=\"mailto:accueil@vivier-au-court.fr\">accueil@vivier-au-court.fr<\/a><\/p>\n\n\n\n<div class=\"wp-block-buttons is-content-justification-center is-layout-flex wp-container-core-buttons-is-layout-a89b3969 wp-block-buttons-is-layout-flex\">\n<div class=\"wp-block-button\"><a class=\"wp-block-button__link has-accent-3-background-color has-text-color has-background has-link-color wp-element-button\" href=\"mailto:accueil@vivier-au-court.fr\" style=\"color:#ffffff;font-style:normal;font-weight:700\">NOUS CONTACTER<\/a><\/div>\n<\/div>\n<\/div>\n<\/div>\n\n\n\n<div class=\"wp-block-column is-vertically-aligned-center is-layout-flow wp-block-column-is-layout-flow\">\n<div class=\"card-mairie\">\n    <h3 class=\"titre-horaires\">HORAIRES D&rsquo;OUVERTURE<\/h3>\n    <table class=\"table-horaires\">\n        <thead>\n            <tr>\n                <th>Jour<\/th>\n                <th>Matin<\/th>\n                <th>Apr\u00e8s-midi<\/th>\n            <\/tr>\n        <\/thead>\n        <tbody>\n            <tr><td>Lundi<\/td><td>09:00 &#8211; 12:00<\/td><td>13:00 &#8211; 17:00<\/td><\/tr>\n            <tr><td>Mardi<\/td><td class=\"ferme\">Ferm\u00e9<\/td><td>13:00 &#8211; 17:00<\/td><\/tr>\n            <tr><td>Mercredi<\/td><td>09:00 &#8211; 12:00<\/td><td>13:00 &#8211; 17:00<\/td><\/tr>\n            <tr><td>Jeudi<\/td><td class=\"ferme\">Ferm\u00e9<\/td><td>13:00 &#8211; 17:00<\/td><\/tr>\n            <tr><td>Vendredi<\/td><td>09:00 &#8211; 12:00<\/td><td>13:00 &#8211; 17:00<\/td><\/tr>\n        <\/tbody>\n    <\/table>\n<\/div>\n<\/div>\n<\/div>\n<\/div><\/div>\n\n\n\n<div class=\"wp-block-cover alignfull is-light is-repeated\" style=\"margin-top:0;margin-bottom:0;padding-top:0;padding-bottom:0;box-shadow:none;min-height:465px;aspect-ratio:unset;\"><div class=\"wp-block-cover__image-background wp-image-241 size-large is-repeated\" style=\"background-position:50% 50%;background-image:url(https:\/\/www.vivier-au-court.fr\/wp-content\/uploads\/2026\/02\/20220420_152916-2-1024x683.jpg)\"><\/div><span aria-hidden=\"true\" class=\"wp-block-cover__background has-white-background-color has-background-dim-90 has-background-dim\"><\/span><div class=\"wp-block-cover__inner-container has-global-padding is-layout-constrained wp-block-cover-is-layout-constrained\">\n<div class=\"wp-block-group has-global-padding is-layout-constrained wp-container-core-group-is-layout-547c621d wp-block-group-is-layout-constrained\" style=\"margin-top:0;margin-bottom:0;padding-top:var(--wp--preset--spacing--30);padding-right:0;padding-bottom:0;padding-left:0\">\n<p style=\"font-style:normal;font-weight:500\">LES ACTUALITES<\/p>\n\n\n<ul class=\"wp-block-latest-posts__list is-grid columns-3 has-dates alignwide carte-actu wp-block-latest-posts\"><li><div class=\"wp-block-latest-posts__featured-image aligncenter\"><a href=\"https:\/\/www.vivier-au-court.fr\/?p=970\" aria-label=\"Renouvellement du CCAS\"><img loading=\"lazy\" decoding=\"async\" width=\"1024\" height=\"717\" src=\"https:\/\/www.vivier-au-court.fr\/wp-content\/uploads\/2026\/04\/image-1024x717.png\" class=\"attachment-large size-large wp-post-image\" alt=\"\" style=\"max-width:1024px;max-height:1024px;\" srcset=\"https:\/\/www.vivier-au-court.fr\/wp-content\/uploads\/2026\/04\/image-1024x717.png 1024w, https:\/\/www.vivier-au-court.fr\/wp-content\/uploads\/2026\/04\/image-300x210.png 300w, https:\/\/www.vivier-au-court.fr\/wp-content\/uploads\/2026\/04\/image-768x538.png 768w, https:\/\/www.vivier-au-court.fr\/wp-content\/uploads\/2026\/04\/image.png 1121w\" sizes=\"auto, (max-width: 1024px) 100vw, 1024px\" \/><\/a><\/div><a class=\"wp-block-latest-posts__post-title\" href=\"https:\/\/www.vivier-au-court.fr\/?p=970\">Renouvellement du CCAS<\/a><time datetime=\"2026-04-01T16:31:52+02:00\" class=\"wp-block-latest-posts__post-date\">1 avril 2026<\/time><\/li>\n<li><div class=\"wp-block-latest-posts__featured-image aligncenter\"><a href=\"https:\/\/www.vivier-au-court.fr\/?p=926\" aria-label=\"Conseil Municipal Lundi 30 Mars 2026\"><img loading=\"lazy\" decoding=\"async\" width=\"724\" height=\"1024\" src=\"https:\/\/www.vivier-au-court.fr\/wp-content\/uploads\/2026\/03\/Lundi-30-mars-2026-a-19h00-Salle-du-conseil-municipal-1-724x1024.png\" class=\"attachment-large size-large wp-post-image\" alt=\"\" style=\"max-width:1024px;max-height:1024px;\" srcset=\"https:\/\/www.vivier-au-court.fr\/wp-content\/uploads\/2026\/03\/Lundi-30-mars-2026-a-19h00-Salle-du-conseil-municipal-1-724x1024.png 724w, https:\/\/www.vivier-au-court.fr\/wp-content\/uploads\/2026\/03\/Lundi-30-mars-2026-a-19h00-Salle-du-conseil-municipal-1-212x300.png 212w, https:\/\/www.vivier-au-court.fr\/wp-content\/uploads\/2026\/03\/Lundi-30-mars-2026-a-19h00-Salle-du-conseil-municipal-1-768x1086.png 768w, https:\/\/www.vivier-au-court.fr\/wp-content\/uploads\/2026\/03\/Lundi-30-mars-2026-a-19h00-Salle-du-conseil-municipal-1-1086x1536.png 1086w, https:\/\/www.vivier-au-court.fr\/wp-content\/uploads\/2026\/03\/Lundi-30-mars-2026-a-19h00-Salle-du-conseil-municipal-1.png 1414w\" sizes=\"auto, (max-width: 724px) 100vw, 724px\" \/><\/a><\/div><a class=\"wp-block-latest-posts__post-title\" href=\"https:\/\/www.vivier-au-court.fr\/?p=926\">Conseil Municipal Lundi 30 Mars 2026<\/a><time datetime=\"2026-03-28T19:52:29+01:00\" class=\"wp-block-latest-posts__post-date\">28 mars 2026<\/time><\/li>\n<li><div class=\"wp-block-latest-posts__featured-image aligncenter\"><a href=\"https:\/\/www.vivier-au-court.fr\/?p=923\" aria-label=\"La chasse aux \u0153ufs le samedi 4 avril apr\u00e8s-midi\"><img loading=\"lazy\" decoding=\"async\" width=\"683\" height=\"1024\" src=\"https:\/\/www.vivier-au-court.fr\/wp-content\/uploads\/2026\/03\/ouef-683x1024.jpg\" class=\"attachment-large size-large wp-post-image\" alt=\"\" style=\"max-width:1024px;max-height:1024px;\" srcset=\"https:\/\/www.vivier-au-court.fr\/wp-content\/uploads\/2026\/03\/ouef-683x1024.jpg 683w, https:\/\/www.vivier-au-court.fr\/wp-content\/uploads\/2026\/03\/ouef-200x300.jpg 200w, https:\/\/www.vivier-au-court.fr\/wp-content\/uploads\/2026\/03\/ouef-768x1152.jpg 768w, https:\/\/www.vivier-au-court.fr\/wp-content\/uploads\/2026\/03\/ouef.jpg 1024w\" sizes=\"auto, (max-width: 683px) 100vw, 683px\" \/><\/a><\/div><a class=\"wp-block-latest-posts__post-title\" href=\"https:\/\/www.vivier-au-court.fr\/?p=923\">La chasse aux \u0153ufs le samedi 4 avril apr\u00e8s-midi<\/a><time datetime=\"2026-03-27T16:56:31+01:00\" class=\"wp-block-latest-posts__post-date\">27 mars 2026<\/time><\/li>\n<\/ul><\/div>\n<\/div><\/div>\n\n\n\n<div class=\"wp-block-cover alignfull is-light\" style=\"padding-top:0;padding-bottom:0\"><span aria-hidden=\"true\" class=\"wp-block-cover__background has-base-background-color has-background-dim-100 has-background-dim\"><\/span><div class=\"wp-block-cover__inner-container has-global-padding is-layout-constrained wp-block-cover-is-layout-constrained\">\n<div class=\"wp-block-columns alignwide is-layout-flex wp-container-core-columns-is-layout-d39e70f1 wp-block-columns-is-layout-flex\" style=\"margin-top:0;margin-bottom:0;padding-top:0;padding-bottom:0\">\n<div class=\"wp-block-column is-layout-flow wp-block-column-is-layout-flow\">\n<div class=\"wp-block-group has-background has-global-padding is-layout-constrained wp-container-core-group-is-layout-2fb87d92 wp-block-group-is-layout-constrained\" style=\"border-top-left-radius:47px;border-top-right-radius:47px;border-bottom-left-radius:47px;border-bottom-right-radius:47px;background-color:#f3f3f3;margin-top:var(--wp--preset--spacing--30);margin-bottom:var(--wp--preset--spacing--30);padding-top:var(--wp--preset--spacing--40);padding-right:var(--wp--preset--spacing--30);padding-bottom:var(--wp--preset--spacing--40);padding-left:var(--wp--preset--spacing--30)\">\n<div class=\"wp-block-columns is-layout-flex wp-container-core-columns-is-layout-28f84493 wp-block-columns-is-layout-flex\">\n<div class=\"wp-block-column is-layout-flow wp-block-column-is-layout-flow\">\n<figure class=\"wp-block-image size-large\"><img loading=\"lazy\" decoding=\"async\" width=\"1024\" height=\"576\" src=\"https:\/\/www.vivier-au-court.fr\/wp-content\/uploads\/2026\/02\/La-Poste-Logo-1024x576.png\" alt=\"\" class=\"wp-image-859\" srcset=\"https:\/\/www.vivier-au-court.fr\/wp-content\/uploads\/2026\/02\/La-Poste-Logo-1024x576.png 1024w, https:\/\/www.vivier-au-court.fr\/wp-content\/uploads\/2026\/02\/La-Poste-Logo-300x169.png 300w, https:\/\/www.vivier-au-court.fr\/wp-content\/uploads\/2026\/02\/La-Poste-Logo-768x432.png 768w, https:\/\/www.vivier-au-court.fr\/wp-content\/uploads\/2026\/02\/La-Poste-Logo-1536x864.png 1536w, https:\/\/www.vivier-au-court.fr\/wp-content\/uploads\/2026\/02\/La-Poste-Logo-2048x1152.png 2048w\" sizes=\"auto, (max-width: 1024px) 100vw, 1024px\" \/><\/figure>\n<\/div>\n\n\n\n<div class=\"wp-block-column is-layout-flow wp-block-column-is-layout-flow\">\n<figure class=\"wp-block-image size-full is-resized\"><img loading=\"lazy\" decoding=\"async\" width=\"263\" height=\"295\" src=\"https:\/\/www.vivier-au-court.fr\/wp-content\/uploads\/2026\/02\/maison-france-service-logo.jpg\" alt=\"\" class=\"wp-image-860\" style=\"aspect-ratio:0.8915609648801232;width:155px;height:auto\"\/><\/figure>\n<\/div>\n<\/div>\n\n\n\n<p class=\"has-text-align-center has-small-font-size\" style=\"font-style:normal;font-weight:700\">&nbsp;&nbsp;8 Rue du cercle<br>08440 Vivier-Au-Court<br>t\u00e9l\u00e9phone : <a href=\"tel:0352760096\">03 52 76 00 96<\/a><br>mail : <a href=\"mailto:vivier-au-court@france-services.gouv.fr\">vivier-au-court@france-services.gouv.fr<\/a><\/p>\n\n\n\n<div class=\"wp-block-buttons is-content-justification-center is-layout-flex wp-container-core-buttons-is-layout-a89b3969 wp-block-buttons-is-layout-flex\">\n<div class=\"wp-block-button\"><a class=\"wp-block-button__link has-accent-3-background-color has-text-color has-background has-link-color wp-element-button\" href=\"mailto:vivier-au-court@france-services.gouv.fr\" style=\"color:#ffffff;font-style:normal;font-weight:700\">NOUS CONTACTER<\/a><\/div>\n<\/div>\n<\/div>\n<\/div>\n\n\n\n<div class=\"wp-block-column is-vertically-aligned-center is-layout-flow wp-block-column-is-layout-flow\">\n<div class=\"card-mairie\">\n    <h3 class=\"titre-horaires\">HORAIRES D&rsquo;OUVERTURE<\/h3>\n    <table class=\"table-horaires\">\n        <thead>\n            <tr>\n                <th>Jour<\/th>\n                <th>Matin<\/th>\n                <th>Apr\u00e8s-midi<\/th>\n            <\/tr>\n        <\/thead>\n        <tbody>\n            <tr><td>Lundi<\/td><td>09:00 &#8211; 12:00<\/td><td>14:00 &#8211; 17:00<\/td><\/tr>\n            <tr><td>Mardi<\/td><td>09:00 &#8211; 12:00<\/td><td>14:00 &#8211; 17:00<\/td><\/tr>\n            <tr><td>Mercredi<td>09:00 &#8211; 12:00<\/td><td>14:00 &#8211; 17:00<\/td><\/tr>\n            <tr><td>Jeudi<\/td><td>09:00 &#8211; 12:00<\/td><td class=\"ferme\">Ferm\u00e9<\/td><\/tr>\n            <tr><td>Vendredi<\/td><td>09:00 &#8211; 12:00<\/td><td>14:00 &#8211; 17:00<\/td><\/tr>\n        <\/tbody>\n    <\/table>\n<\/div>\n<\/div>\n<\/div>\n<\/div><\/div>\n\n\n\n<div class=\"wp-block-cover alignfull is-light has-custom-content-position is-position-top-center\" style=\"margin-top:0;margin-bottom:0;padding-top:0;padding-bottom:0;box-shadow:none;min-height:228px;aspect-ratio:unset;\"><img loading=\"lazy\" decoding=\"async\" width=\"1024\" height=\"683\" class=\"wp-block-cover__image-background wp-image-241 size-large\" alt=\"\" src=\"https:\/\/www.vivier-au-court.fr\/wp-content\/uploads\/2026\/02\/20220420_152916-2-1024x683.jpg\" data-object-fit=\"cover\" srcset=\"https:\/\/www.vivier-au-court.fr\/wp-content\/uploads\/2026\/02\/20220420_152916-2-1024x683.jpg 1024w, https:\/\/www.vivier-au-court.fr\/wp-content\/uploads\/2026\/02\/20220420_152916-2-300x200.jpg 300w, https:\/\/www.vivier-au-court.fr\/wp-content\/uploads\/2026\/02\/20220420_152916-2-768x512.jpg 768w, https:\/\/www.vivier-au-court.fr\/wp-content\/uploads\/2026\/02\/20220420_152916-2-1536x1024.jpg 1536w, https:\/\/www.vivier-au-court.fr\/wp-content\/uploads\/2026\/02\/20220420_152916-2-2048x1366.jpg 2048w\" sizes=\"auto, (max-width: 1024px) 100vw, 1024px\" \/><span aria-hidden=\"true\" class=\"wp-block-cover__background has-white-background-color has-background-dim-90 has-background-dim\"><\/span><div class=\"wp-block-cover__inner-container has-global-padding is-layout-constrained wp-container-core-cover-is-layout-351675a1 wp-block-cover-is-layout-constrained\">\n<div class=\"wp-block-columns is-layout-flex wp-container-core-columns-is-layout-28f84493 wp-block-columns-is-layout-flex\">\n<div class=\"wp-block-column is-layout-flow wp-block-column-is-layout-flow\">\n<div class=\"wp-block-group has-global-padding is-layout-constrained wp-container-core-group-is-layout-7db9d80f wp-block-group-is-layout-constrained\" style=\"padding-right:0;padding-left:0\">\n<div class=\"wp-block-group section-actu has-background has-global-padding is-layout-constrained wp-container-core-group-is-layout-729c6dcc wp-block-group-is-layout-constrained\" style=\"border-style:none;border-width:0px;border-top-left-radius:56px;border-top-right-radius:56px;border-bottom-left-radius:56px;border-bottom-right-radius:56px;background-color:#f2f2f2;min-height:0px;margin-top:0;margin-bottom:0;padding-top:var(--wp--preset--spacing--20);padding-right:var(--wp--preset--spacing--50);padding-bottom:var(--wp--preset--spacing--20);padding-left:var(--wp--preset--spacing--50)\">\n<p style=\"margin-left:0;font-style:normal;font-weight:600\">Les d\u00e9cisions du conseil<\/p>\n\n\n\n<div class=\"wp-block-query is-layout-flow wp-block-query-is-layout-flow\"><ul class=\"wp-block-post-template is-layout-flow wp-container-core-post-template-is-layout-3ee800f6 wp-block-post-template-is-layout-flow\"><li class=\"wp-block-post post-939 post type-post status-publish format-standard hentry category-conseil-municipal\">\n<h6 class=\"wp-block-post-title\">Conseil Municipal \u2013 S\u00e9ance du 22 mars 2026<\/h6>\n\n<div class=\"entry-content wp-block-post-content is-layout-flow wp-container-core-post-content-is-layout-a77db08e wp-block-post-content-is-layout-flow\">\n<div class=\"wp-block-buttons is-layout-flex wp-block-buttons-is-layout-flex\">\n<div class=\"wp-block-button\"><a class=\"wp-block-button__link has-background wp-element-button\" href=\"https:\/\/www.vivier-au-court.fr\/wp-content\/uploads\/2026\/03\/pv-du-conseil-muncipal-du-22-mars-2026.pdf\" style=\"background-color:#503aa8;font-style:normal;font-weight:700\" target=\"_blank\" rel=\"noreferrer noopener\">T\u00e9l\u00e9charger le Proc\u00e8s-verbal (PDF)<\/a><\/div>\n<\/div>\n\n\n\n<p><\/p>\n<\/div>\n<\/li><\/ul><\/div>\n<\/div>\n<\/div>\n<\/div>\n\n\n\n<div class=\"wp-block-column is-layout-flow wp-block-column-is-layout-flow\">\n<div class=\"wp-block-group section-actu has-background has-global-padding is-layout-constrained wp-container-core-group-is-layout-01945191 wp-block-group-is-layout-constrained\" style=\"border-top-left-radius:49px;border-top-right-radius:49px;border-bottom-left-radius:49px;border-bottom-right-radius:49px;background-color:#f3f3f3;padding-top:var(--wp--preset--spacing--20);padding-right:var(--wp--preset--spacing--50);padding-bottom:var(--wp--preset--spacing--20);padding-left:var(--wp--preset--spacing--50)\">\n<p style=\"font-style:normal;font-weight:600\">Les d\u00e9cisions du CCAS<\/p>\n\n\n\n<div class=\"wp-block-query is-layout-flow wp-block-query-is-layout-flow\"><ul class=\"wp-block-post-template is-layout-flow wp-block-post-template-is-layout-flow\"><li class=\"wp-block-post post-331 post type-post status-publish format-standard hentry category-ccas\">\n<h6 class=\"wp-block-post-title\">CCAS &#8211; S\u00e9ance du 30 janvier 2026<\/h6>\n\n<div class=\"entry-content wp-block-post-content is-layout-flow wp-container-core-post-content-is-layout-8a368f38 wp-block-post-content-is-layout-flow\">\n<div class=\"wp-block-buttons is-layout-flex wp-block-buttons-is-layout-flex\">\n<div class=\"wp-block-button\"><a class=\"wp-block-button__link has-background wp-element-button\" href=\"https:\/\/www.vivier-au-court.fr\/wp-content\/uploads\/2026\/02\/compte-rendu-CCAS-du-30-janvier-2026.pdf\" style=\"background-color:#503aa8;font-style:normal;font-weight:700\" target=\"_blank\" rel=\"noreferrer noopener\">T\u00e9l\u00e9charger le Compte rendu (PDF)<\/a><\/div>\n<\/div>\n\n\n\n<p><\/p>\n<\/div>\n<\/li><\/ul><\/div>\n<\/div>\n<\/div>\n<\/div>\n<\/div><\/div>\n","protected":false},"excerpt":{"rendered":"","protected":false},"author":1,"featured_media":0,"parent":0,"menu_order":0,"comment_status":"closed","ping_status":"closed","template":"page-accueil","meta":{"footnotes":""},"class_list":["post-17","page","type-page","status-publish","hentry"],"_links":{"self":[{"href":"https:\/\/www.vivier-au-court.fr\/index.php?rest_route=\/wp\/v2\/pages\/17","targetHints":{"allow":["GET"]}}],"collection":[{"href":"https:\/\/www.vivier-au-court.fr\/index.php?rest_route=\/wp\/v2\/pages"}],"about":[{"href":"https:\/\/www.vivier-au-court.fr\/index.php?rest_route=\/wp\/v2\/types\/page"}],"author":[{"embeddable":true,"href":"https:\/\/www.vivier-au-court.fr\/index.php?rest_route=\/wp\/v2\/users\/1"}],"replies":[{"embeddable":true,"href":"https:\/\/www.vivier-au-court.fr\/index.php?rest_route=%2Fwp%2Fv2%2Fcomments&post=17"}],"version-history":[{"count":108,"href":"https:\/\/www.vivier-au-court.fr\/index.php?rest_route=\/wp\/v2\/pages\/17\/revisions"}],"predecessor-version":[{"id":881,"href":"https:\/\/www.vivier-au-court.fr\/index.php?rest_route=\/wp\/v2\/pages\/17\/revisions\/881"}],"wp:attachment":[{"href":"https:\/\/www.vivier-au-court.fr\/index.php?rest_route=%2Fwp%2Fv2%2Fmedia&parent=17"}],"curies":[{"name":"wp","href":"https:\/\/api.w.org\/{rel}","templated":true}]}}