{"id":284,"date":"2026-02-11T18:56:19","date_gmt":"2026-02-11T17:56:19","guid":{"rendered":"https:\/\/vac.s11.fr\/?page_id=284"},"modified":"2026-03-10T14:26:48","modified_gmt":"2026-03-10T13:26:48","slug":"carte-nationale-didentite-et-passeport","status":"publish","type":"page","link":"https:\/\/www.vivier-au-court.fr\/?page_id=284","title":{"rendered":"Carte nationale d&rsquo;identit\u00e9 et Passeport"},"content":{"rendered":"\n<h2 class=\"wp-block-heading is-style-default has-text-color has-link-color has-medium-font-size wp-elements-c248f39914aab5ed2266876a0cd4d3bd\" style=\"color:#0609a5\">Depuis l\u2019arriv\u00e9e des cartes d&rsquo;identit\u00e9 nationales biom\u00e9triques et des passeports biom\u00e9triques,<br>la mairie de Vivier-au-Court n\u2019instruit plus les demandes.<\/h2>\n\n\n\n<p class=\"has-small-font-size\">Au plus pr\u00e8s de Vivier-au-Court, il faut vous adresser \u00e0 la :\u200b<\/p>\n\n\n\n<div class=\"card-mediatheque\">\n    <h3>mairie de Vrigne aux Bois<\/h3>\n    \n    <div class=\"info-item\">\n        <span class=\"icon\">\ud83d\udccd<\/span>\n        <p>11 avenue Jean Jaur\u00e8s<br>08330 VRIGNE-AUX-BOIS<\/p>\n    <\/div>\n\n    <div class=\"info-item\">\n        T\u00e9l\u00e9phone : 03 24 52 12 22<br\/>\nFax: 03 24 52 28 04<br\/>\nwww.vrigne-aux-bois.fr\n    <\/div>\n<\/div>\n\n\n\n<p class=\"has-text-color has-link-color has-medium-font-size wp-elements-cc878e535fd6058b6757cf8033ae794a\" style=\"color:#0609a5\"><strong>Vous avez la possibilit\u00e9 \u00e9galement de vous adresser aux mairies de :<\/strong><\/p>\n\n\n\n<ul class=\"wp-block-list\">\n<li class=\"has-small-font-size\">Charleville-M\u00e9zi\u00e8res (place de l\u2019h\u00f4tel de ville ; place du th\u00e9\u00e2tre ; rue des chardonnerets ; rue Albert Poulain)<\/li>\n\n\n\n<li class=\"has-small-font-size\">Sedan (rue de la Rochefoucauld)<\/li>\n<\/ul>\n\n\n\n<p>\u200b<\/p>\n\n\n\n<p class=\"has-small-font-size\">et d\u2019autres \u00e0 voir sur le site&nbsp;<a href=\"https:\/\/passeport.ants.gouv.fr\/Services-associes\/Realiser-une-pre-demande-de-carte-nationale-d-identite-CNI\" target=\"_blank\" rel=\"noreferrer noopener\">www.ants.interieur.gouv.fr<\/a>&nbsp;(rubrique passeport \u2013 rubrique o\u00f9 faire une demande de passeport biom\u00e9trique)<\/p>\n","protected":false},"excerpt":{"rendered":"<p>Depuis l\u2019arriv\u00e9e des cartes d&rsquo;identit\u00e9 nationales biom\u00e9triques et des passeports biom\u00e9triques,la mairie de Vivier-au-Court n\u2019instruit plus les demandes. Au plus pr\u00e8s de Vivier-au-Court, il faut vous adresser \u00e0 la :\u200b mairie de Vrigne aux Bois \ud83d\udccd 11 avenue Jean Jaur\u00e8s08330 VRIGNE-AUX-BOIS T\u00e9l\u00e9phone : 03 24 52 12 22 Fax: 03 24 52 28 04 www.vrigne-aux-bois.fr [&hellip;]<\/p>\n","protected":false},"author":1,"featured_media":0,"parent":0,"menu_order":0,"comment_status":"closed","ping_status":"closed","template":"page-secondaire","meta":{"footnotes":""},"class_list":["post-284","page","type-page","status-publish","hentry"],"_links":{"self":[{"href":"https:\/\/www.vivier-au-court.fr\/index.php?rest_route=\/wp\/v2\/pages\/284","targetHints":{"allow":["GET"]}}],"collection":[{"href":"https:\/\/www.vivier-au-court.fr\/index.php?rest_route=\/wp\/v2\/pages"}],"about":[{"href":"https:\/\/www.vivier-au-court.fr\/index.php?rest_route=\/wp\/v2\/types\/page"}],"author":[{"embeddable":true,"href":"https:\/\/www.vivier-au-court.fr\/index.php?rest_route=\/wp\/v2\/users\/1"}],"replies":[{"embeddable":true,"href":"https:\/\/www.vivier-au-court.fr\/index.php?rest_route=%2Fwp%2Fv2%2Fcomments&post=284"}],"version-history":[{"count":4,"href":"https:\/\/www.vivier-au-court.fr\/index.php?rest_route=\/wp\/v2\/pages\/284\/revisions"}],"predecessor-version":[{"id":537,"href":"https:\/\/www.vivier-au-court.fr\/index.php?rest_route=\/wp\/v2\/pages\/284\/revisions\/537"}],"wp:attachment":[{"href":"https:\/\/www.vivier-au-court.fr\/index.php?rest_route=%2Fwp%2Fv2%2Fmedia&parent=284"}],"curies":[{"name":"wp","href":"https:\/\/api.w.org\/{rel}","templated":true}]}}