{"id":294,"date":"2026-02-11T19:13:57","date_gmt":"2026-02-11T18:13:57","guid":{"rendered":"https:\/\/vac.s11.fr\/?page_id=294"},"modified":"2026-02-16T12:56:31","modified_gmt":"2026-02-16T11:56:31","slug":"police-municipale","status":"publish","type":"page","link":"https:\/\/www.vivier-au-court.fr\/?page_id=294","title":{"rendered":"Police municipale"},"content":{"rendered":"\n<h2 class=\"wp-block-heading is-style-default has-text-color has-link-color has-medium-font-size wp-elements-acd343ffdefa574af5509992a142e67f\" style=\"color:#0609a5;padding-top:var(--wp--preset--spacing--20);padding-bottom:var(--wp--preset--spacing--20)\"><strong>La police municipale est compos\u00e9e de 2 agents:<br>Monsieur DUPONT chef de poste &#8211; Monsieur OLIVEIRA adjoint au chef de service.\u200b\u200b<\/strong><\/h2>\n\n\n\n<div class=\"card-mediatheque\">\n    <h3>Police municipale<\/h3>\n    \n    <div class=\"info-item\">\n        <span class=\"icon\">\ud83d\udccd<\/span>\n        <p>44 Place de la r\u00e9publique<br> 08440 VIVIER-AU-COURT<\/p>\n    <\/div>\n\n    <div class=\"info-item\">\n        <span class=\"icon\">\ud83d\udcde<\/span>\n        <p>03 24 52 47 17<\/p>\n    <\/div>\n\n  \n    \n    <div class=\"horaires-mini\">\n        <strong>Du lundi au vendredi<\/strong>\n        <span>8h00 \u00e0 12h00 &#8211; 13h30 \u00e0 17h00.<\/span>\n    <\/div>\n<\/div>\n\n\n\n<p class=\"has-text-align-center\"><\/p>\n\n\n\n<p class=\"has-text-align-center has-small-font-size\">\u200b\u200b\u200bLa police municipale a pour mission de veiller \u00e0 la s\u00e9curit\u00e9, la salubrit\u00e9, la s\u00fbret\u00e9 et la tranquillit\u00e9 (art L 2212-5 du code G\u00e9n\u00e9ral des Collectivit\u00e9s territoriales). Elle veille \u00e9galement \u00e0 l\u2019application des arr\u00eat\u00e9s du maire.<\/p>\n\n\n\n<h3 class=\"wp-block-heading has-text-align-left is-style-default has-text-color has-link-color has-medium-font-size wp-elements-9187c33c340025dcd8856294e317d263\" style=\"color:#0609a5;margin-top:var(--wp--preset--spacing--20);margin-bottom:var(--wp--preset--spacing--20)\">\u200bPour sa mission elle dispose de :<\/h3>\n\n\n\n<p class=\"is-style-text-annotation has-background has-small-font-size is-style-text-annotation--1\" style=\"background-color:#f7f7f7\">\u200bun v\u00e9hicule s\u00e9rigraphi\u00e9<br>un scooter s\u00e9rigraphi\u00e9<br>un PVE (proc\u00e8s-verbal \u00e9lectronique)<br>les agents sont dot\u00e9s d\u2019armement de cat\u00e9gorie B et D ( revolver 38 SP,<br>B\u00e2ton de d\u00e9fense et projecteur lacrymog\u00e8ne)<br>Un cin\u00e9mom\u00e8tre ( radar vitesse)<\/p>\n\n\n\n<p><\/p>\n\n\n\n<h3 class=\"wp-block-heading has-text-align-left is-style-default has-text-color has-link-color has-medium-font-size wp-elements-1ada35652d88ff421ffd3a9520797c14\" style=\"color:#0609a5;padding-top:var(--wp--preset--spacing--20);padding-bottom:var(--wp--preset--spacing--20)\">R\u00f4le de la Police Municipale :<\/h3>\n\n\n\n<p class=\"is-style-text-annotation has-background has-small-font-size is-style-text-annotation--2\" style=\"background-color:#f7f7f7\">\u200bLa police municipale assure :<br>La surveillance g\u00e9n\u00e9rale de la Commune.<br>La surveillance des entr\u00e9es et sorties d\u2019\u00e9coles.<br>La s\u00e9curit\u00e9 lors des manifestations patriotiques et festives.<br>Les autorisations de d\u00e9tentions des chiens de 1ere et 2e cat\u00e9gories.<br>L\u2019enl\u00e8vement des v\u00e9hicules (stationnement g\u00eanant, abusif et \u00e9paves).<br>La d\u00e9livrance bulletin n\u00b02 du cassier judiciaire<br>Surveillance des habitations ( op\u00e9ration tranquillit\u00e9 vacances) <\/p>\n\n\n\n<p><\/p>\n\n\n\n<h3 class=\"wp-block-heading is-style-default has-text-color has-link-color has-medium-font-size wp-elements-7a3ed4e49ae66cf704493947995738fe\" style=\"color:#0609a5;padding-top:var(--wp--preset--spacing--20);padding-bottom:var(--wp--preset--spacing--20)\">\u200bLa police municipale s\u2019occupe aussi :<\/h3>\n\n\n\n<p class=\"is-style-text-annotation has-background has-small-font-size is-style-text-annotation--3\" style=\"background-color:#f7f7f7\">Des demandes de renseignements venant de diverses administrations <br> (Imp\u00f4ts- tr\u00e9sor- h\u00f4pitaux ).<br>La police fun\u00e9raire.<br>La pr\u00e9vention routi\u00e8re dans les \u00e9coles primaires.<br>La police municipale d\u00e9livre \u00e9galement les attestations d\u2019accueil, pour les visas de courts s\u00e9jours.<\/p>\n","protected":false},"excerpt":{"rendered":"<p>La police municipale est compos\u00e9e de 2 agents:Monsieur DUPONT chef de poste &#8211; Monsieur OLIVEIRA adjoint au chef de service.\u200b\u200b Police municipale \ud83d\udccd 44 Place de la r\u00e9publique 08440 VIVIER-AU-COURT \ud83d\udcde 03 24 52 47 17 Du lundi au vendredi 8h00 \u00e0 12h00 &#8211; 13h30 \u00e0 17h00. \u200b\u200b\u200bLa police municipale a pour mission de veiller [&hellip;]<\/p>\n","protected":false},"author":1,"featured_media":0,"parent":0,"menu_order":0,"comment_status":"closed","ping_status":"closed","template":"page-secondaire","meta":{"footnotes":""},"class_list":["post-294","page","type-page","status-publish","hentry"],"_links":{"self":[{"href":"https:\/\/www.vivier-au-court.fr\/index.php?rest_route=\/wp\/v2\/pages\/294","targetHints":{"allow":["GET"]}}],"collection":[{"href":"https:\/\/www.vivier-au-court.fr\/index.php?rest_route=\/wp\/v2\/pages"}],"about":[{"href":"https:\/\/www.vivier-au-court.fr\/index.php?rest_route=\/wp\/v2\/types\/page"}],"author":[{"embeddable":true,"href":"https:\/\/www.vivier-au-court.fr\/index.php?rest_route=\/wp\/v2\/users\/1"}],"replies":[{"embeddable":true,"href":"https:\/\/www.vivier-au-court.fr\/index.php?rest_route=%2Fwp%2Fv2%2Fcomments&post=294"}],"version-history":[{"count":13,"href":"https:\/\/www.vivier-au-court.fr\/index.php?rest_route=\/wp\/v2\/pages\/294\/revisions"}],"predecessor-version":[{"id":685,"href":"https:\/\/www.vivier-au-court.fr\/index.php?rest_route=\/wp\/v2\/pages\/294\/revisions\/685"}],"wp:attachment":[{"href":"https:\/\/www.vivier-au-court.fr\/index.php?rest_route=%2Fwp%2Fv2%2Fmedia&parent=294"}],"curies":[{"name":"wp","href":"https:\/\/api.w.org\/{rel}","templated":true}]}}