{"id":340,"date":"2026-02-12T14:53:49","date_gmt":"2026-02-12T13:53:49","guid":{"rendered":"https:\/\/vac.s11.fr\/?page_id=340"},"modified":"2026-02-12T14:53:49","modified_gmt":"2026-02-12T13:53:49","slug":"transports-intercommunaux","status":"publish","type":"page","link":"https:\/\/www.vivier-au-court.fr\/?page_id=340","title":{"rendered":"Transports intercommunaux"},"content":{"rendered":"\n<p class=\"has-small-font-size\">Bus au d\u00e9part de Vivier-au-Court<\/p>\n\n\n\n<p class=\"has-small-font-size\">Ligne intercommunale A1 : Sedan vers Charleville-M\u00e9zi\u00e8res, 28 arr\u00eats reliant les deux principaux bassins de la communaut\u00e9 d&rsquo;agglom\u00e9ration.<\/p>\n\n\n\n<p class=\"has-small-font-size\">Ces lignes sont exploit\u00e9es par la STDM (Soci\u00e9t\u00e9 des Transports D\u00e9partementaux de la Marne) qui vous accueille \u00e0 Sedan dans son agence place de la Halle d\u00e9di\u00e9e \u00e0 l&rsquo;information des voyageurs et \u00e0 la vente des titres de transport du r\u00e9seau.<\/p>\n\n\n\n<p class=\"has-small-font-size\">\u200b<\/p>\n\n\n\n<p class=\"has-small-font-size\">\u200b<\/p>\n\n\n\n<p class=\"has-small-font-size\">\u200b<\/p>\n\n\n\n<p class=\"has-small-font-size\">Agence commerciale Sedan Bus &nbsp; 55 place de la Halle &#8211; T\u00e9l : 03.52.72.97.01<\/p>\n\n\n\n<p class=\"has-small-font-size\"><a href=\"mailto:contact@sedanbus.fr\">contact@sedanbus.fr<\/a>&nbsp;\/&nbsp;<a href=\"http:\/\/www.sedanbus.fr\/\" target=\"_blank\" rel=\"noreferrer noopener\">www.sedanbus.fr<\/a><\/p>\n\n\n\n<p class=\"has-small-font-size\">Ouverture du mardi au vendredi de 9h30 \u00e0 12h30 et de 13h30 \u00e0 18h, le samedi de 8h \u00e0 12h30<\/p>\n\n\n\n<p class=\"has-small-font-size\">\u200b\u200b<\/p>\n\n\n\n<p class=\"has-small-font-size\">\u200b<\/p>\n\n\n\n<p class=\"has-small-font-size\">\u200b<\/p>\n\n\n\n<p class=\"has-small-font-size\">Grande communaut\u00e9 d&rsquo;agglom\u00e9ration Sedan-Charleville: 03 24 57 83 00<\/p>\n\n\n\n<p><\/p>\n","protected":false},"excerpt":{"rendered":"<p>Bus au d\u00e9part de Vivier-au-Court Ligne intercommunale A1 : Sedan vers Charleville-M\u00e9zi\u00e8res, 28 arr\u00eats reliant les deux principaux bassins de la communaut\u00e9 d&rsquo;agglom\u00e9ration. Ces lignes sont exploit\u00e9es par la STDM (Soci\u00e9t\u00e9 des Transports D\u00e9partementaux de la Marne) qui vous accueille \u00e0 Sedan dans son agence place de la Halle d\u00e9di\u00e9e \u00e0 l&rsquo;information des voyageurs et [&hellip;]<\/p>\n","protected":false},"author":1,"featured_media":0,"parent":0,"menu_order":0,"comment_status":"closed","ping_status":"closed","template":"page-secondaire","meta":{"footnotes":""},"class_list":["post-340","page","type-page","status-publish","hentry"],"_links":{"self":[{"href":"https:\/\/www.vivier-au-court.fr\/index.php?rest_route=\/wp\/v2\/pages\/340","targetHints":{"allow":["GET"]}}],"collection":[{"href":"https:\/\/www.vivier-au-court.fr\/index.php?rest_route=\/wp\/v2\/pages"}],"about":[{"href":"https:\/\/www.vivier-au-court.fr\/index.php?rest_route=\/wp\/v2\/types\/page"}],"author":[{"embeddable":true,"href":"https:\/\/www.vivier-au-court.fr\/index.php?rest_route=\/wp\/v2\/users\/1"}],"replies":[{"embeddable":true,"href":"https:\/\/www.vivier-au-court.fr\/index.php?rest_route=%2Fwp%2Fv2%2Fcomments&post=340"}],"version-history":[{"count":1,"href":"https:\/\/www.vivier-au-court.fr\/index.php?rest_route=\/wp\/v2\/pages\/340\/revisions"}],"predecessor-version":[{"id":343,"href":"https:\/\/www.vivier-au-court.fr\/index.php?rest_route=\/wp\/v2\/pages\/340\/revisions\/343"}],"wp:attachment":[{"href":"https:\/\/www.vivier-au-court.fr\/index.php?rest_route=%2Fwp%2Fv2%2Fmedia&parent=340"}],"curies":[{"name":"wp","href":"https:\/\/api.w.org\/{rel}","templated":true}]}}