{"id":344,"date":"2026-02-12T14:55:04","date_gmt":"2026-02-12T13:55:04","guid":{"rendered":"https:\/\/vac.s11.fr\/?page_id=344"},"modified":"2026-02-16T12:56:53","modified_gmt":"2026-02-16T11:56:53","slug":"les-espaces-verts","status":"publish","type":"page","link":"https:\/\/www.vivier-au-court.fr\/?page_id=344","title":{"rendered":"Les espaces verts"},"content":{"rendered":"\n<p class=\"is-style-default has-text-color has-link-color has-medium-font-size wp-elements-e3b6f913e1974ae83ebab8f79f287ed6\" style=\"color:#0609a5\">Z\u00e9ro pesticide<\/p>\n\n\n\n<p class=\"has-small-font-size\">Engagement de la commune pour une d\u00e9marche \u00ab\u00a0z\u00e9ro pesticide\u00a0\u00bb \u00e0 court terme.<\/p>\n\n\n\n<p class=\"has-small-font-size\">Depuis 2013 l\u2019utilisation des produits phytosanitaires tels que les d\u00e9sherbants a fortement diminu\u00e9. En 2014 seul le cimeti\u00e8re et le stade ont subi des traitements chimiques (pour une consommation de moins de 10 litres de d\u00e9sherbant).<\/p>\n\n\n\n<p class=\"has-small-font-size\">\u200b<\/p>\n\n\n\n<p class=\"has-small-font-size\">Avant 2013 pr\u00e8s de 200 litres de d\u00e9sherbant concentr\u00e9 \u00e9taient utilis\u00e9s et plus de 200 kg d&rsquo;autres produits chimiques!!! Ces produits contaminent le sol , l&rsquo;air et l&rsquo;eau avec un risque certain pour &nbsp;notre sant\u00e9.<\/p>\n\n\n\n<p class=\"has-small-font-size\">\u200b\u200b<\/p>\n\n\n\n<p class=\"has-small-font-size\">Afin que notre ville garde son aspect propre et fleuri, les employ\u00e9s communaux ont utilis\u00e9 des m\u00e9thodes alternatives de d\u00e9sherbage, principalement m\u00e9caniques (binette, d\u00e9broussailleuse) et manuelles, les autres m\u00e9thodes alternatives de d\u00e9sherbage tels appareil vapeur , br\u00fbleur \u00e0 gaz ayant montr\u00e9 leur limite et leur faible efficacit\u00e9.<\/p>\n\n\n\n<p class=\"has-small-font-size\">\u200b\u200b<\/p>\n\n\n\n<p class=\"has-small-font-size\">Pour une meilleure qualit\u00e9 de vie et pour la sant\u00e9 de tous les Vivarois cet engagement est tr\u00e8s important. La municipalit\u00e9 souhaite que tous participent \u00e0 cet effort en d\u00e9sherbant de mani\u00e8re naturelle !<\/p>\n\n\n\n<p class=\"has-small-font-size\">\u200b<\/p>\n\n\n\n<p class=\"has-small-font-size\">Cette nouvelle d\u00e9marche prend du temps et les herbes repoussent tr\u00e8s vite, alors ne souffrez plus d&rsquo;impatience et rien ne vous emp\u00eache de participer au d\u00e9sherbage manuel.<\/p>\n\n\n\n<p class=\"has-small-font-size\">\u200b<\/p>\n\n\n\n<p class=\"has-small-font-size\">Connaissez-vous l\u2019astuce de l\u2019eau bouillante des pommes de terre ou des p\u00e2tes : vers\u00e9e sur le dallage, elle d\u00e9sherbe pour longtemps et n\u2019a aucun co\u00fbt.<\/p>\n\n\n\n<p class=\"has-small-font-size\"><\/p>\n","protected":false},"excerpt":{"rendered":"<p>Z\u00e9ro pesticide Engagement de la commune pour une d\u00e9marche \u00ab\u00a0z\u00e9ro pesticide\u00a0\u00bb \u00e0 court terme. Depuis 2013 l\u2019utilisation des produits phytosanitaires tels que les d\u00e9sherbants a fortement diminu\u00e9. En 2014 seul le cimeti\u00e8re et le stade ont subi des traitements chimiques (pour une consommation de moins de 10 litres de d\u00e9sherbant). \u200b Avant 2013 pr\u00e8s de [&hellip;]<\/p>\n","protected":false},"author":1,"featured_media":0,"parent":0,"menu_order":0,"comment_status":"closed","ping_status":"closed","template":"page-secondaire","meta":{"footnotes":""},"class_list":["post-344","page","type-page","status-publish","hentry"],"_links":{"self":[{"href":"https:\/\/www.vivier-au-court.fr\/index.php?rest_route=\/wp\/v2\/pages\/344","targetHints":{"allow":["GET"]}}],"collection":[{"href":"https:\/\/www.vivier-au-court.fr\/index.php?rest_route=\/wp\/v2\/pages"}],"about":[{"href":"https:\/\/www.vivier-au-court.fr\/index.php?rest_route=\/wp\/v2\/types\/page"}],"author":[{"embeddable":true,"href":"https:\/\/www.vivier-au-court.fr\/index.php?rest_route=\/wp\/v2\/users\/1"}],"replies":[{"embeddable":true,"href":"https:\/\/www.vivier-au-court.fr\/index.php?rest_route=%2Fwp%2Fv2%2Fcomments&post=344"}],"version-history":[{"count":3,"href":"https:\/\/www.vivier-au-court.fr\/index.php?rest_route=\/wp\/v2\/pages\/344\/revisions"}],"predecessor-version":[{"id":686,"href":"https:\/\/www.vivier-au-court.fr\/index.php?rest_route=\/wp\/v2\/pages\/344\/revisions\/686"}],"wp:attachment":[{"href":"https:\/\/www.vivier-au-court.fr\/index.php?rest_route=%2Fwp%2Fv2%2Fmedia&parent=344"}],"curies":[{"name":"wp","href":"https:\/\/api.w.org\/{rel}","templated":true}]}}