{"id":364,"date":"2026-02-12T15:38:48","date_gmt":"2026-02-12T14:38:48","guid":{"rendered":"https:\/\/vac.s11.fr\/?page_id=364"},"modified":"2026-02-23T13:00:22","modified_gmt":"2026-02-23T12:00:22","slug":"urbanisme","status":"publish","type":"page","link":"https:\/\/www.vivier-au-court.fr\/?page_id=364","title":{"rendered":"Urbanisme"},"content":{"rendered":"\n<p class=\"has-small-font-size\">Les demandes d&rsquo;urbanisme peuvent \u00eatre faites par le lien ci-dessous :<\/p>\n\n\n\n<div class=\"wp-block-group has-global-padding is-layout-constrained wp-block-group-is-layout-constrained\">\n<div class=\"wp-block-group has-global-padding is-layout-constrained wp-block-group-is-layout-constrained\">\n<div class=\"wp-block-group has-global-padding is-layout-constrained wp-block-group-is-layout-constrained\">\n<div class=\"wp-block-buttons is-layout-flex wp-block-buttons-is-layout-flex\">\n<div class=\"wp-block-button\"><a class=\"wp-block-button__link has-background wp-element-button\" href=\"https:\/\/gnau12.operis.fr\/ardennemetropole\/gnau\/#\/\" style=\"background-color:#00067d;font-style:normal;font-weight:700\" target=\"_blank\" rel=\"noreferrer noopener\">D\u00e9poser une demande d&rsquo;urbanisme<\/a><\/div>\n<\/div>\n\n\n\n<blockquote class=\"wp-block-quote has-small-font-size is-layout-flow wp-block-quote-is-layout-flow\">\n<p>Ce bouton vous redirige vers la page de l\u2019application d&rsquo;urbanisme par Ardenne M\u00e9tropole. Ce service externe dispose de ses propres conditions d\u2019utilisation et peut utiliser des cookies ou collecter des donn\u00e9es personnelles. Nous vous invitons \u00e0 consulter leur politique de confidentialit\u00e9 pour plus d\u2019informations.<\/p>\n<\/blockquote>\n<\/div>\n<\/div>\n<\/div>\n\n\n\n<div class=\"wp-block-group alignwide has-global-padding is-layout-constrained wp-block-group-is-layout-constrained\">\n<div class=\"wp-block-columns is-layout-flex wp-container-core-columns-is-layout-28f84493 wp-block-columns-is-layout-flex\">\n<div class=\"wp-block-column is-layout-flow wp-block-column-is-layout-flow\">\n<figure class=\"wp-block-image aligncenter size-large\"><img loading=\"lazy\" decoding=\"async\" width=\"724\" height=\"1024\" src=\"https:\/\/www.vivier-au-court.fr\/wp-content\/uploads\/2026\/02\/bulletin-2025-1-724x1024.jpg\" alt=\"\" class=\"wp-image-570\" srcset=\"https:\/\/www.vivier-au-court.fr\/wp-content\/uploads\/2026\/02\/bulletin-2025-1-724x1024.jpg 724w, https:\/\/www.vivier-au-court.fr\/wp-content\/uploads\/2026\/02\/bulletin-2025-1-212x300.jpg 212w, https:\/\/www.vivier-au-court.fr\/wp-content\/uploads\/2026\/02\/bulletin-2025-1-768x1086.jpg 768w, https:\/\/www.vivier-au-court.fr\/wp-content\/uploads\/2026\/02\/bulletin-2025-1.jpg 794w\" sizes=\"auto, (max-width: 724px) 100vw, 724px\" \/><\/figure>\n<\/div>\n<\/div>\n<\/div>\n\n\n\n<p><\/p>\n","protected":false},"excerpt":{"rendered":"<p>Les demandes d&rsquo;urbanisme peuvent \u00eatre faites par le lien ci-dessous : Ce bouton vous redirige vers la page de l\u2019application d&rsquo;urbanisme par Ardenne M\u00e9tropole. Ce service externe dispose de ses propres conditions d\u2019utilisation et peut utiliser des cookies ou collecter des donn\u00e9es personnelles. Nous vous invitons \u00e0 consulter leur politique de confidentialit\u00e9 pour plus d\u2019informations.<\/p>\n","protected":false},"author":1,"featured_media":0,"parent":0,"menu_order":0,"comment_status":"closed","ping_status":"closed","template":"page-secondaire","meta":{"footnotes":""},"class_list":["post-364","page","type-page","status-publish","hentry"],"_links":{"self":[{"href":"https:\/\/www.vivier-au-court.fr\/index.php?rest_route=\/wp\/v2\/pages\/364","targetHints":{"allow":["GET"]}}],"collection":[{"href":"https:\/\/www.vivier-au-court.fr\/index.php?rest_route=\/wp\/v2\/pages"}],"about":[{"href":"https:\/\/www.vivier-au-court.fr\/index.php?rest_route=\/wp\/v2\/types\/page"}],"author":[{"embeddable":true,"href":"https:\/\/www.vivier-au-court.fr\/index.php?rest_route=\/wp\/v2\/users\/1"}],"replies":[{"embeddable":true,"href":"https:\/\/www.vivier-au-court.fr\/index.php?rest_route=%2Fwp%2Fv2%2Fcomments&post=364"}],"version-history":[{"count":12,"href":"https:\/\/www.vivier-au-court.fr\/index.php?rest_route=\/wp\/v2\/pages\/364\/revisions"}],"predecessor-version":[{"id":838,"href":"https:\/\/www.vivier-au-court.fr\/index.php?rest_route=\/wp\/v2\/pages\/364\/revisions\/838"}],"wp:attachment":[{"href":"https:\/\/www.vivier-au-court.fr\/index.php?rest_route=%2Fwp%2Fv2%2Fmedia&parent=364"}],"curies":[{"name":"wp","href":"https:\/\/api.w.org\/{rel}","templated":true}]}}