{"id":369,"date":"2026-02-12T15:47:00","date_gmt":"2026-02-12T14:47:00","guid":{"rendered":"https:\/\/vac.s11.fr\/?page_id=369"},"modified":"2026-02-16T13:36:07","modified_gmt":"2026-02-16T12:36:07","slug":"le-ccas","status":"publish","type":"page","link":"https:\/\/www.vivier-au-court.fr\/?page_id=369","title":{"rendered":"Le CCAS"},"content":{"rendered":"\n<p class=\"is-style-default has-text-color has-link-color has-medium-font-size wp-elements-b59040eff7043b4ab4ba5e8f5925484d\" style=\"color:#0609a5;margin-top:var(--wp--preset--spacing--20);margin-bottom:var(--wp--preset--spacing--20)\"><strong>Le CCAS (Centre Communal des Actions Sociales) est compos\u00e9 de 15 membres :<\/strong><\/p>\n\n\n\n<ul class=\"wp-block-list\">\n<li class=\"has-medium-font-size\">7 \u00e9lus municipaux + Le Maire \u00e9tant le pr\u00e9sident de droit<\/li>\n\n\n\n<li class=\"has-medium-font-size\">7 \u00e9lus ext\u00e9rieurs, tous des b\u00e9n\u00e9voles<\/li>\n<\/ul>\n\n\n\n<p><\/p>\n\n\n\n<h2 class=\"wp-block-heading has-medium-font-size\">Composition :<\/h2>\n\n\n\n<p class=\"has-small-font-size\">Pr\u00e9sidente de droit :&nbsp;<strong>Dominique NICOLAS-VIOT<\/strong><\/p>\n\n\n\n<p class=\"has-small-font-size\">Vice pr\u00e9sidente :<strong>&nbsp;Marie-In\u00e8s SILICANI<\/strong><\/p>\n\n\n\n<p class=\"has-small-font-size\">Membres du conseil :&nbsp;<strong>Anne CAILTEUX, Christine LAMBINET, Val\u00e9rie MANGIN, Val\u00e9rie NICOLAS, Claire VASSAUX , L\u00e9a VIOT&nbsp;<\/strong><\/p>\n\n\n\n<p class=\"has-small-font-size\">Membres de l&rsquo;ext\u00e9rieur :&nbsp;<strong>Jean-Claude BERNIER, Monique DUBOIS, Rolande DURMARQUE, Jocelyne LEROUGE,&nbsp;Michel PANNET,&nbsp; Arielle MANZONI, Carolle PRIOLO<\/strong><\/p>\n\n\n\n<p class=\"has-small-font-size\">Le CCAS est \u00e0 l&rsquo;\u00e9coute de la population, il essaie de venir en aide \u00e0 ceux qui en ont besoin et\/ou qui le demandent.<\/p>\n\n\n\n<p>\u200b\u200b\u200b<\/p>\n\n\n\n<h2 class=\"wp-block-heading is-style-default has-text-color has-link-color has-medium-font-size wp-elements-8a11afb96c92dd0a26a30c38835be027\" style=\"color:#0609a5;margin-top:var(--wp--preset--spacing--20);margin-bottom:var(--wp--preset--spacing--20)\">Actions individuelles :<\/h2>\n\n\n\n<ul class=\"wp-block-list\">\n<li class=\"has-small-font-size\">Aides financi\u00e8res apr\u00e8s examen du dossier<\/li>\n\n\n\n<li class=\"has-small-font-size\">Aides alimentaires ponctuelles dans l&rsquo;urgence sous forme de bons \u00e0 d\u00e9penser chez les commer\u00e7ants Vivarois<\/li>\n\n\n\n<li class=\"has-small-font-size\">Aides administratives, le CCAS travaille avec des intervenants ext\u00e9rieurs ( EDF, travailleurs sociaux, bailleurs, les restos du c\u0153ur&#8230;)<\/li>\n<\/ul>\n\n\n\n<p>\u200b\u200b\u200b<\/p>\n\n\n\n<h2 class=\"wp-block-heading is-style-default has-text-color has-link-color has-medium-font-size wp-elements-283f287c9ca05b5f15b212d23713a6c5\" style=\"color:#0609a5;margin-top:var(--wp--preset--spacing--20);margin-bottom:var(--wp--preset--spacing--20)\">Actions mises en place d\u00e9finitives :<\/h2>\n\n\n\n<ul class=\"wp-block-list\">\n<li class=\"has-small-font-size\">Le co-voiturage: quatre jours par mois des b\u00e9n\u00e9voles du CCAS v\u00e9hiculent pour leur courses alimentaires, les personnes \u00e2g\u00e9es de plus de 70 ans ou handicap\u00e9es inscrites<\/li>\n\n\n\n<li class=\"has-small-font-size\">Distributions de friandises au moment de No\u00ebl \u00e0 toutes les personnes \u00e2g\u00e9es de plus de 70 ans<\/li>\n\n\n\n<li class=\"has-small-font-size\">Carte d&rsquo;anniversaire \u00e0 toutes les personnes \u00e2g\u00e9es de plus de 70 ans.<\/li>\n\n\n\n<li class=\"has-small-font-size\">Organisation du repas annuel offert aux personnes \u00e2g\u00e9es de plus de 70 ans.<\/li>\n\n\n\n<li class=\"has-small-font-size\">Examen individuel de tous les dossiers d\u00e9pos\u00e9s pour l&rsquo;obtention du colis de fin d&rsquo;ann\u00e9e.<\/li>\n\n\n\n<li class=\"has-small-font-size\">Le CCAS travaille avec les assistants sociaux mais ne les remplace pas.<\/li>\n<\/ul>\n\n\n\n<p> <\/p>\n\n\n\n<div class=\"wp-block-group section-actu has-background has-global-padding is-layout-constrained wp-container-core-group-is-layout-01945191 wp-block-group-is-layout-constrained\" style=\"border-top-left-radius:49px;border-top-right-radius:49px;border-bottom-left-radius:49px;border-bottom-right-radius:49px;background-color:#f3f3f3;padding-top:var(--wp--preset--spacing--20);padding-right:var(--wp--preset--spacing--50);padding-bottom:var(--wp--preset--spacing--20);padding-left:var(--wp--preset--spacing--50)\">\n<p style=\"font-style:normal;font-weight:600\">Les d\u00e9cisions du CCAS<\/p>\n\n\n\n<div class=\"wp-block-query is-layout-flow wp-block-query-is-layout-flow\"><ul class=\"wp-block-post-template is-layout-flow wp-block-post-template-is-layout-flow\"><li class=\"wp-block-post post-331 post type-post status-publish format-standard hentry category-ccas\">\n<h6 class=\"wp-block-post-title\">CCAS &#8211; S\u00e9ance du 30 janvier 2026<\/h6>\n\n<div class=\"entry-content wp-block-post-content is-layout-flow wp-container-core-post-content-is-layout-8a368f38 wp-block-post-content-is-layout-flow\">\n<div class=\"wp-block-buttons is-layout-flex wp-block-buttons-is-layout-flex\">\n<div class=\"wp-block-button\"><a class=\"wp-block-button__link has-background wp-element-button\" href=\"https:\/\/www.vivier-au-court.fr\/wp-content\/uploads\/2026\/02\/compte-rendu-CCAS-du-30-janvier-2026.pdf\" style=\"background-color:#503aa8;font-style:normal;font-weight:700\" target=\"_blank\" rel=\"noreferrer noopener\">T\u00e9l\u00e9charger le Compte rendu (PDF)<\/a><\/div>\n<\/div>\n\n\n\n<p><\/p>\n<\/div>\n<\/li><\/ul><\/div>\n<\/div>\n","protected":false},"excerpt":{"rendered":"<p>Le CCAS (Centre Communal des Actions Sociales) est compos\u00e9 de 15 membres : Composition : Pr\u00e9sidente de droit :&nbsp;Dominique NICOLAS-VIOT Vice pr\u00e9sidente :&nbsp;Marie-In\u00e8s SILICANI Membres du conseil :&nbsp;Anne CAILTEUX, Christine LAMBINET, Val\u00e9rie MANGIN, Val\u00e9rie NICOLAS, Claire VASSAUX , L\u00e9a VIOT&nbsp; Membres de l&rsquo;ext\u00e9rieur :&nbsp;Jean-Claude BERNIER, Monique DUBOIS, Rolande DURMARQUE, Jocelyne LEROUGE,&nbsp;Michel PANNET,&nbsp; Arielle MANZONI, Carolle [&hellip;]<\/p>\n","protected":false},"author":1,"featured_media":0,"parent":0,"menu_order":0,"comment_status":"closed","ping_status":"closed","template":"page-secondaire","meta":{"footnotes":""},"class_list":["post-369","page","type-page","status-publish","hentry"],"_links":{"self":[{"href":"https:\/\/www.vivier-au-court.fr\/index.php?rest_route=\/wp\/v2\/pages\/369","targetHints":{"allow":["GET"]}}],"collection":[{"href":"https:\/\/www.vivier-au-court.fr\/index.php?rest_route=\/wp\/v2\/pages"}],"about":[{"href":"https:\/\/www.vivier-au-court.fr\/index.php?rest_route=\/wp\/v2\/types\/page"}],"author":[{"embeddable":true,"href":"https:\/\/www.vivier-au-court.fr\/index.php?rest_route=\/wp\/v2\/users\/1"}],"replies":[{"embeddable":true,"href":"https:\/\/www.vivier-au-court.fr\/index.php?rest_route=%2Fwp%2Fv2%2Fcomments&post=369"}],"version-history":[{"count":3,"href":"https:\/\/www.vivier-au-court.fr\/index.php?rest_route=\/wp\/v2\/pages\/369\/revisions"}],"predecessor-version":[{"id":705,"href":"https:\/\/www.vivier-au-court.fr\/index.php?rest_route=\/wp\/v2\/pages\/369\/revisions\/705"}],"wp:attachment":[{"href":"https:\/\/www.vivier-au-court.fr\/index.php?rest_route=%2Fwp%2Fv2%2Fmedia&parent=369"}],"curies":[{"name":"wp","href":"https:\/\/api.w.org\/{rel}","templated":true}]}}