{"id":371,"date":"2026-02-12T16:02:25","date_gmt":"2026-02-12T15:02:25","guid":{"rendered":"https:\/\/vac.s11.fr\/?page_id=371"},"modified":"2026-03-31T14:55:32","modified_gmt":"2026-03-31T12:55:32","slug":"location-de-salles","status":"publish","type":"page","link":"https:\/\/www.vivier-au-court.fr\/?page_id=371","title":{"rendered":"Location de salles"},"content":{"rendered":"\n<h2 class=\"wp-block-heading has-text-color has-link-color has-medium-font-size wp-elements-7353e9cd77fe3bf335bff5ec5909eee7\" style=\"color:#0021f8\"><strong>Demande de r\u00e9servation :&nbsp;<\/strong><\/h2>\n\n\n\n<blockquote class=\"wp-block-quote is-layout-flow wp-block-quote-is-layout-flow\">\n<p class=\"has-contrast-color has-text-color has-link-color has-medium-font-size wp-elements-3d55822143f4d13cdcbe7515ad12ae47\">par mail \u00e0&nbsp;<strong><a href=\"mailto:reservation-salle@vivier-au-court.fr\">reservation-salle@vivier-au-court.fr<\/a><\/strong><\/p>\n\n\n\n<p class=\"has-contrast-color has-text-color has-link-color has-medium-font-size wp-elements-3214e7d831b9a0837fdc959f83a89e80\">par t\u00e9l\u00e9phone au&nbsp;<a href=\"tel:0352760096\">03 52 76 00 96<\/a><br>Lundi, Mardi, Mercredi, Vendredi&nbsp;de 09h00 \u00e0 12h00 et de 14h00 \u00e0 17h00<br>Jeudi de 09h00 \u00e0 12h00<\/p>\n\n\n\n<p class=\"has-contrast-color has-text-color has-link-color has-medium-font-size wp-elements-f6cfe4280157c175b3cc4f9b9ad9c047\">Par voie postale :&nbsp;<strong>44 Place de la r\u00e9publique &#8211; 08440 Vivier Au Court<\/strong><\/p>\n<\/blockquote>\n\n\n\n<div class=\"wp-block-group alignwide has-global-padding is-layout-constrained wp-block-group-is-layout-constrained\">\n<h3 class=\"wp-block-heading has-text-align-center\" style=\"margin-top:var(--wp--preset--spacing--30)\">La Vivaroise<\/h3>\n\n\n\n<div class=\"wp-block-columns alignwide is-layout-flex wp-container-core-columns-is-layout-28f84493 wp-block-columns-is-layout-flex\">\n<div class=\"wp-block-column is-layout-flow wp-block-column-is-layout-flow\">\n<div class=\"wp-block-group ma-carte-salle has-global-padding is-layout-constrained wp-block-group-is-layout-constrained\">\n<figure class=\"wp-block-image size-large has-custom-border\"><img loading=\"lazy\" decoding=\"async\" width=\"1024\" height=\"441\" src=\"https:\/\/www.vivier-au-court.fr\/wp-content\/uploads\/2026\/02\/vivaroise-1-1024x441.jpg\" alt=\"\" class=\"wp-image-376\" style=\"border-top-left-radius:12px;border-top-right-radius:12px;border-bottom-left-radius:12px;border-bottom-right-radius:12px\" srcset=\"https:\/\/www.vivier-au-court.fr\/wp-content\/uploads\/2026\/02\/vivaroise-1-1024x441.jpg 1024w, https:\/\/www.vivier-au-court.fr\/wp-content\/uploads\/2026\/02\/vivaroise-1-300x129.jpg 300w, https:\/\/www.vivier-au-court.fr\/wp-content\/uploads\/2026\/02\/vivaroise-1-768x331.jpg 768w, https:\/\/www.vivier-au-court.fr\/wp-content\/uploads\/2026\/02\/vivaroise-1.jpg 1200w\" sizes=\"auto, (max-width: 1024px) 100vw, 1024px\" \/><\/figure>\n\n\n\n<h4 class=\"wp-block-heading\">\u00c9quipements<\/h4>\n\n\n\n<ul class=\"wp-block-list\">\n<li class=\"has-medium-font-size\" style=\"margin-top:0;margin-bottom:0;padding-top:0;padding-bottom:0\">Cuisine<\/li>\n\n\n\n<li class=\"has-medium-font-size\" style=\"margin-top:0;margin-bottom:0;padding-top:0;padding-bottom:0\">Bar<\/li>\n\n\n\n<li class=\"has-medium-font-size\" style=\"margin-top:0;margin-bottom:0;padding-top:0;padding-bottom:0\">Vaisselles<\/li>\n\n\n\n<li class=\"has-medium-font-size\" style=\"margin-top:0;margin-bottom:0;padding-top:0;padding-bottom:0\">Tables<\/li>\n\n\n\n<li class=\"has-medium-font-size\" style=\"margin-top:0;margin-bottom:0;padding-top:0;padding-bottom:0\">Chaises<\/li>\n\n\n\n<li class=\"has-medium-font-size\" style=\"margin-top:0;margin-bottom:0;padding-top:0;padding-bottom:0\">Loges (spectacle)<\/li>\n<\/ul>\n<\/div>\n<\/div>\n\n\n\n<div class=\"wp-block-column is-vertically-aligned-top is-layout-flow wp-block-column-is-layout-flow\">\n<div class=\"wp-block-group has-border-color has-global-padding is-layout-constrained wp-container-core-group-is-layout-c385debf wp-block-group-is-layout-constrained\" style=\"border-color:#f6f6f6;border-width:1px;padding-top:var(--wp--preset--spacing--20);padding-right:var(--wp--preset--spacing--20);padding-bottom:var(--wp--preset--spacing--20);padding-left:var(--wp--preset--spacing--20)\">\n<h4 class=\"wp-block-heading\">Les prix<\/h4>\n\n\n\n<details class=\"wp-block-details ma-carte-salle has-medium-font-size is-layout-flow wp-block-details-is-layout-flow\"><summary>Habitants et associations de Vivier-au-Court<\/summary>\n<figure class=\"wp-block-table\"><table><tbody><tr><td>Salle (week-end)<\/td><td><strong>368 \u20ac<\/strong><\/td><\/tr><tr><td>Cuisine (week-end)<\/td><td><strong>123 \u20ac<\/strong><\/td><\/tr><tr><td>Vaisselle (week-end)<\/td><td><strong>172 \u20ac<\/strong><\/td><\/tr><tr><td>Loges<\/td><td><strong>&nbsp;68 \u20ac<\/strong><\/td><\/tr><tr><td>Salle pour Loto\/Belote (week-end)<\/td><td><strong>294 \u20ac<\/strong><\/td><\/tr><tr><td>Salle \u00e0 la journ\u00e9e en semaine <\/td><td><strong>288 \u20ac<\/strong><\/td><\/tr><\/tbody><\/table><\/figure>\n<\/details>\n\n\n\n<details class=\"wp-block-details ma-carte-salle has-medium-font-size is-layout-flow wp-block-details-is-layout-flow\"><summary>Habitants et associations ext\u00e9rieures<\/summary>\n<figure class=\"wp-block-table\"><table><tbody><tr><td>Salle (week-end)<\/td><td><strong>980 \u20ac<\/strong><\/td><\/tr><tr><td>Cuisine (week-end)<\/td><td><strong>245 \u20ac<\/strong><\/td><\/tr><tr><td>Vaisselle (week-end)<\/td><td><strong>245 \u20ac<\/strong><\/td><\/tr><tr><td>Loges<\/td><td><strong>68 \u20ac<\/strong><\/td><\/tr><tr><td>Salle pour Loto\/Belote (week-end)<\/td><td><strong>980 \u20ac<\/strong><\/td><\/tr><tr><td>Salle \u00e0 la journ\u00e9e en semaine<\/td><td><strong>560 \u20ac<\/strong><\/td><\/tr><\/tbody><\/table><\/figure>\n<\/details>\n\n\n\n<blockquote class=\"wp-block-quote is-layout-flow wp-block-quote-is-layout-flow\">\n<p class=\"has-text-align-center has-text-color has-link-color has-small-font-size wp-elements-de140b60c5ff627050d15839ce6b8767\" style=\"color:#070094;font-style:normal;font-weight:600\">Forfait chauffage du 1er octobre au 31 mars<br>100 \u20ac le week-end &#8211; 50 \u20ac la journ\u00e9e<\/p>\n<\/blockquote>\n<\/div>\n<\/div>\n<\/div>\n<\/div>\n\n\n\n<hr class=\"wp-block-separator has-alpha-channel-opacity\"\/>\n\n\n\n<div class=\"wp-block-group alignwide has-global-padding is-layout-constrained wp-block-group-is-layout-constrained\">\n<h3 class=\"wp-block-heading has-text-align-center\" style=\"margin-top:var(--wp--preset--spacing--30)\">Salle Panier Rue Alphonse Panier<\/h3>\n\n\n\n<div class=\"wp-block-columns alignwide is-layout-flex wp-container-core-columns-is-layout-28f84493 wp-block-columns-is-layout-flex\">\n<div class=\"wp-block-column is-layout-flow wp-block-column-is-layout-flow\">\n<div class=\"wp-block-group ma-carte-salle has-global-padding is-layout-constrained wp-block-group-is-layout-constrained\">\n<figure class=\"wp-block-image size-full has-custom-border\"><img loading=\"lazy\" decoding=\"async\" width=\"875\" height=\"388\" src=\"https:\/\/www.vivier-au-court.fr\/wp-content\/uploads\/2026\/02\/panier.jpg\" alt=\"\" class=\"wp-image-383\" style=\"border-top-left-radius:12px;border-top-right-radius:12px;border-bottom-left-radius:12px;border-bottom-right-radius:12px\" srcset=\"https:\/\/www.vivier-au-court.fr\/wp-content\/uploads\/2026\/02\/panier.jpg 875w, https:\/\/www.vivier-au-court.fr\/wp-content\/uploads\/2026\/02\/panier-300x133.jpg 300w, https:\/\/www.vivier-au-court.fr\/wp-content\/uploads\/2026\/02\/panier-768x341.jpg 768w\" sizes=\"auto, (max-width: 875px) 100vw, 875px\" \/><\/figure>\n\n\n\n<h4 class=\"wp-block-heading\">\u00c9quipements<\/h4>\n\n\n\n<ul class=\"wp-block-list\">\n<li class=\"has-medium-font-size\" style=\"margin-top:0;margin-right:0;margin-bottom:0;margin-left:0\">Vaisselles<\/li>\n\n\n\n<li class=\"has-medium-font-size\" style=\"margin-top:0;margin-right:0;margin-bottom:0;margin-left:0\">Tables<\/li>\n\n\n\n<li class=\"has-medium-font-size\" style=\"margin-top:0;margin-right:0;margin-bottom:0;margin-left:0\">Chaises<\/li>\n<\/ul>\n<\/div>\n<\/div>\n\n\n\n<div class=\"wp-block-column is-vertically-aligned-top is-layout-flow wp-block-column-is-layout-flow\">\n<div class=\"wp-block-group has-border-color has-global-padding is-layout-constrained wp-container-core-group-is-layout-c385debf wp-block-group-is-layout-constrained\" style=\"border-color:#f6f6f6;border-width:1px;padding-top:var(--wp--preset--spacing--20);padding-right:var(--wp--preset--spacing--20);padding-bottom:var(--wp--preset--spacing--20);padding-left:var(--wp--preset--spacing--20)\">\n<h4 class=\"wp-block-heading\">Les prix<\/h4>\n\n\n\n<details class=\"wp-block-details ma-carte-salle has-medium-font-size is-layout-flow wp-block-details-is-layout-flow\"><summary>Habitants et associations de Vivier-au-Court<\/summary>\n<figure class=\"wp-block-table\"><table><tbody><tr><td>Caf\u00e9 enterrement (la journ\u00e9e)<\/td><td><strong>Gratuit<\/strong><\/td><\/tr><tr><td>Vin d&rsquo;honneur<\/td><td><strong>98 \u20ac<\/strong><\/td><\/tr><tr><td>Anniversaire, Retraite, vide dressing<\/td><td><strong>98\u20ac \/ jour ou 123 \u20ac le week-end<\/strong><\/td><\/tr><\/tbody><\/table><\/figure>\n<\/details>\n\n\n\n<details class=\"wp-block-details ma-carte-salle has-medium-font-size is-layout-flow wp-block-details-is-layout-flow\"><summary>Habitants et associations ext\u00e9rieures<\/summary>\n<figure class=\"wp-block-table\"><table><tbody><tr><td>Caf\u00e9 enterrement (la journ\u00e9e)<\/td><td><strong>98 \u20ac<\/strong><\/td><\/tr><tr><td>Vin d&rsquo;honneur<\/td><td><strong>98 \u20ac<\/strong><\/td><\/tr><tr><td>Anniversaire, Retraite, vide dressing<\/td><td><strong>98\u20ac \/ jour ou 123 \u20ac le week-end<\/strong><\/td><\/tr><\/tbody><\/table><\/figure>\n<\/details>\n<\/div>\n<\/div>\n<\/div>\n<\/div>\n\n\n\n<div class=\"wp-block-group has-global-padding is-layout-constrained wp-block-group-is-layout-constrained\">\n<h3 class=\"wp-block-heading\">Location de Mat\u00e9riel pour les Habitants de Vivier-Au-Court<\/h3>\n\n\n\n<ul style=\"margin-bottom:var(--wp--preset--spacing--40)\" class=\"wp-block-list\">\n<li class=\"has-medium-font-size\">Tables <strong>3\u20ac\/L&rsquo;unit\u00e9<\/strong><\/li>\n\n\n\n<li class=\"has-medium-font-size\">Chaises&nbsp;<strong>0,50 \u20ac\/L&rsquo;unit\u00e9<\/strong><\/li>\n\n\n\n<li class=\"has-medium-font-size\">Bancs\u00a0<strong>0,50 \u20ac\/L&rsquo;unit\u00e9<\/strong><\/li>\n<\/ul>\n<\/div>\n\n\n\n<div class=\"wp-block-group alignwide is-layout-flow wp-block-group-is-layout-flow\">\n<hr class=\"wp-block-separator has-alpha-channel-opacity\"\/>\n\n\n\n<p class=\"has-medium-font-size\">Ces tarifs sont applicables et r\u00e9serv\u00e9s (conform\u00e9ment \u00e0 la d\u00e9lib\u00e9ration 2024_043 du 24.06.2024)<\/p>\n\n\n\n<ul class=\"wp-block-list\">\n<li class=\"has-text-color has-link-color has-medium-font-size wp-elements-f0a90abc0ef1d8991a40d7b0c1f748f2\" style=\"color:#0a22a9\">Aux habitants de Vivier-au-Court (parents et pour les \u00e9v\u00e8nements de vie de leurs enfants)<\/li>\n\n\n\n<li class=\"has-text-color has-link-color has-medium-font-size wp-elements-1602c01d7afd00bc1b87d2cfb023947c\" style=\"color:#0a22a9\">Aux associations ayant leur si\u00e8ge \u00e0&nbsp;Vivier-au-Court et ayant une action en direction des vivarois<\/li>\n<\/ul>\n<\/div>\n","protected":false},"excerpt":{"rendered":"<p>Demande de r\u00e9servation :&nbsp; par mail \u00e0&nbsp;reservation-salle@vivier-au-court.fr par t\u00e9l\u00e9phone au&nbsp;03 52 76 00 96Lundi, Mardi, Mercredi, Vendredi&nbsp;de 09h00 \u00e0 12h00 et de 14h00 \u00e0 17h00Jeudi de 09h00 \u00e0 12h00 Par voie postale :&nbsp;44 Place de la r\u00e9publique &#8211; 08440 Vivier Au Court La Vivaroise \u00c9quipements Les prix Forfait chauffage du 1er octobre au 31 mars100 [&hellip;]<\/p>\n","protected":false},"author":1,"featured_media":0,"parent":0,"menu_order":0,"comment_status":"closed","ping_status":"closed","template":"page-secondaire","meta":{"footnotes":""},"class_list":["post-371","page","type-page","status-publish","hentry"],"_links":{"self":[{"href":"https:\/\/www.vivier-au-court.fr\/index.php?rest_route=\/wp\/v2\/pages\/371","targetHints":{"allow":["GET"]}}],"collection":[{"href":"https:\/\/www.vivier-au-court.fr\/index.php?rest_route=\/wp\/v2\/pages"}],"about":[{"href":"https:\/\/www.vivier-au-court.fr\/index.php?rest_route=\/wp\/v2\/types\/page"}],"author":[{"embeddable":true,"href":"https:\/\/www.vivier-au-court.fr\/index.php?rest_route=\/wp\/v2\/users\/1"}],"replies":[{"embeddable":true,"href":"https:\/\/www.vivier-au-court.fr\/index.php?rest_route=%2Fwp%2Fv2%2Fcomments&post=371"}],"version-history":[{"count":22,"href":"https:\/\/www.vivier-au-court.fr\/index.php?rest_route=\/wp\/v2\/pages\/371\/revisions"}],"predecessor-version":[{"id":943,"href":"https:\/\/www.vivier-au-court.fr\/index.php?rest_route=\/wp\/v2\/pages\/371\/revisions\/943"}],"wp:attachment":[{"href":"https:\/\/www.vivier-au-court.fr\/index.php?rest_route=%2Fwp%2Fv2%2Fmedia&parent=371"}],"curies":[{"name":"wp","href":"https:\/\/api.w.org\/{rel}","templated":true}]}}