{"id":389,"date":"2026-02-13T10:55:54","date_gmt":"2026-02-13T09:55:54","guid":{"rendered":"https:\/\/vac.s11.fr\/?page_id=389"},"modified":"2026-02-25T13:04:07","modified_gmt":"2026-02-25T12:04:07","slug":"etat-civil","status":"publish","type":"page","link":"https:\/\/www.vivier-au-court.fr\/?page_id=389","title":{"rendered":"Etat Civil"},"content":{"rendered":"\n<div class=\"wp-block-group alignwide is-layout-flow wp-block-group-is-layout-flow\">\n<details class=\"wp-block-details ma-carte-salle is-layout-flow wp-block-details-is-layout-flow\"><summary><strong>Reconnaissance<\/strong><\/summary>\n<p class=\"has-medium-font-size\">Elle ne s&rsquo;applique que pour l&rsquo;enfant dont les parents ne sont pas mari\u00e9s.<\/p>\n\n\n\n<p class=\"has-medium-font-size\">Elle peut se faire avant ou apr\u00e8s la naissance et ce dans n&rsquo;importe quelle mairie de France et peut conditionner l&rsquo;application du nom de famille de l&rsquo;enfant ou la possibilit\u00e9 du choix du nom.<\/p>\n\n\n\n<p>\u200b<\/p>\n\n\n\n<p class=\"has-medium-font-size\"><strong>Documents \u00e0 rapporter sur rendez-vous de pr\u00e9f\u00e9rence :<\/strong><\/p>\n\n\n\n<p class=\"has-medium-font-size\">Justificatif de domicile de moins de 3 mois<\/p>\n\n\n\n<p class=\"has-medium-font-size\">Pi\u00e8ce d\u2019identit\u00e9 des 2 parents<\/p>\n<\/details>\n\n\n\n<details class=\"wp-block-details ma-carte-salle is-layout-flow wp-block-details-is-layout-flow\"><summary><strong>Recensement militaire<\/strong><\/summary>\n<p class=\"has-medium-font-size\">Le recensement militaire est obligatoire et concerne les filles et les gar\u00e7ons :<\/p>\n\n\n\n<ul class=\"wp-block-list\">\n<li class=\"has-medium-font-size\">\u00e2g\u00e9s de 16 ans<\/li>\n\n\n\n<li class=\"has-medium-font-size\">de nationalit\u00e9 fran\u00e7aise<\/li>\n<\/ul>\n\n\n\n<p>\u200b<\/p>\n\n\n\n<p class=\"has-medium-font-size\">Il est n\u00e9cessaire pour :<\/p>\n\n\n\n<ul class=\"wp-block-list\">\n<li class=\"has-medium-font-size\">se pr\u00e9senter aux examens<\/li>\n\n\n\n<li class=\"has-medium-font-size\">passer le permis de conduire<\/li>\n\n\n\n<li class=\"has-medium-font-size\">\u00eatre inscrit sur les listes \u00e9lectorales<\/li>\n\n\n\n<li class=\"has-medium-font-size\">participer \u00e0 la JAPD (Journ\u00e9e d\u2019Appel de Pr\u00e9paration \u00e0 la D\u00e9fense)<\/li>\n<\/ul>\n\n\n\n<p>\u200b<\/p>\n\n\n\n<h3 class=\"wp-block-heading\"><strong>D\u00e9marches :<\/strong><\/h3>\n\n\n\n<p class=\"has-medium-font-size\">quelques jours avant les 16 ans ou peu de temps apr\u00e8s, les parents ou le jeune concern\u00e9 apporte en mairie le livret de famille des parents + carte d\u2019identit\u00e9 du jeune (ou certificat de nationalit\u00e9 fran\u00e7aise)<\/p>\n\n\n\n<p class=\"has-medium-font-size\">une fois les 16 ans r\u00e9volus et suite au premier \u00e9change avec l\u2019agent municipal, le jeune se rend en mairie pour signer son attestation de recensement<\/p>\n\n\n\n<p class=\"has-medium-font-size\">le jeune repart avec son attestation de recensement qui est un original et qui ne doit jamais \u00eatre transmis<\/p>\n<\/details>\n\n\n\n<details class=\"wp-block-details ma-carte-salle is-layout-flow wp-block-details-is-layout-flow\"><summary><strong>Mariage<\/strong><\/summary>\n<p class=\"has-medium-font-size\">Il sera c\u00e9l\u00e9br\u00e9 publiquement dans la salle des mariages devant l&rsquo;Officier de l&rsquo;\u00e9tat Civil de la commune o\u00f9 l&rsquo;un des \u00e9poux aura son domicile. Le couple peut \u00e9galement se marier dans la ville o\u00f9 sont domicili\u00e9s les parents.<\/p>\n\n\n\n<p class=\"has-medium-font-size\">&nbsp;Vous pourrez retirer \u00e0 la mairie, 5 mois avant la date du mariage, un dossier de mariage sur lequel vous trouverez la liste des documents \u00e0 fournir.<\/p>\n\n\n\n<p class=\"has-medium-font-size\">\u200bPrendre un rendez-vous en mairie avant de venir chercher un dossier.<\/p>\n\n\n\n<p class=\"has-medium-font-size\">Pensez \u00e0 faire confirmer la date et l&rsquo;heure de votre c\u00e9r\u00e9monie avant de faire imprimer vos faire-part.<\/p>\n<\/details>\n\n\n\n<details class=\"wp-block-details ma-carte-salle is-layout-flow wp-block-details-is-layout-flow\"><summary><strong>D\u00e9c\u00e8s<\/strong><\/summary>\n<p class=\"has-medium-font-size\">La d\u00e9claration doit \u00eatre faite en mairie dans les 24 heures suivant le d\u00e9c\u00e8s par toute personne \u00e0 qui le certificat m\u00e9dical aura \u00e9t\u00e9 remis (membre de la famille, \u00e9lu, police, personnel des r\u00e9gies ou soci\u00e9t\u00e9s de pompes fun\u00e8bres&#8230;)<\/p>\n\n\n\n<p class=\"has-medium-font-size\">Si possible se munir du livret de famille du d\u00e9funt ou \u00e0 d\u00e9faut de documents permettant d&rsquo;\u00e9tablir l&rsquo;acte avec un maximum de renseignement. En r\u00e8gle g\u00e9n\u00e9rale, les r\u00e9gies et soci\u00e9t\u00e9s de pompes fun\u00e8bres s&rsquo;occupent de toutes les d\u00e9marches et de l&rsquo;obtention des divers documents.<\/p>\n\n\n\n<p class=\"has-medium-font-size\">Si vous devez appeler le pr\u00eatre : 03.24.27.11.33 \u00e0 Sedan ou 03.24.22.68.73 \u00e0 Vrigne-aux-Bois<\/p>\n<\/details>\n<\/div>\n","protected":false},"excerpt":{"rendered":"","protected":false},"author":1,"featured_media":0,"parent":0,"menu_order":0,"comment_status":"closed","ping_status":"closed","template":"page-secondaire","meta":{"footnotes":""},"class_list":["post-389","page","type-page","status-publish","hentry"],"_links":{"self":[{"href":"https:\/\/www.vivier-au-court.fr\/index.php?rest_route=\/wp\/v2\/pages\/389","targetHints":{"allow":["GET"]}}],"collection":[{"href":"https:\/\/www.vivier-au-court.fr\/index.php?rest_route=\/wp\/v2\/pages"}],"about":[{"href":"https:\/\/www.vivier-au-court.fr\/index.php?rest_route=\/wp\/v2\/types\/page"}],"author":[{"embeddable":true,"href":"https:\/\/www.vivier-au-court.fr\/index.php?rest_route=\/wp\/v2\/users\/1"}],"replies":[{"embeddable":true,"href":"https:\/\/www.vivier-au-court.fr\/index.php?rest_route=%2Fwp%2Fv2%2Fcomments&post=389"}],"version-history":[{"count":3,"href":"https:\/\/www.vivier-au-court.fr\/index.php?rest_route=\/wp\/v2\/pages\/389\/revisions"}],"predecessor-version":[{"id":852,"href":"https:\/\/www.vivier-au-court.fr\/index.php?rest_route=\/wp\/v2\/pages\/389\/revisions\/852"}],"wp:attachment":[{"href":"https:\/\/www.vivier-au-court.fr\/index.php?rest_route=%2Fwp%2Fv2%2Fmedia&parent=389"}],"curies":[{"name":"wp","href":"https:\/\/api.w.org\/{rel}","templated":true}]}}