{"id":391,"date":"2026-02-13T11:08:20","date_gmt":"2026-02-13T10:08:20","guid":{"rendered":"https:\/\/vac.s11.fr\/?page_id=391"},"modified":"2026-02-25T13:00:57","modified_gmt":"2026-02-25T12:00:57","slug":"cimetiere","status":"publish","type":"page","link":"https:\/\/www.vivier-au-court.fr\/?page_id=391","title":{"rendered":"Cimeti\u00e8re"},"content":{"rendered":"\n<div class=\"wp-block-group has-global-padding is-layout-constrained wp-block-group-is-layout-constrained\" style=\"padding-bottom:var(--wp--preset--spacing--30)\">\n<h2 class=\"wp-block-heading\">Les Horaires du Cimeti\u00e8re<\/h2>\n\n\n\n<p class=\"has-text-color has-link-color has-medium-font-size wp-elements-178e917725054caff02a67dbae64abe9\" style=\"color:#02007b\">Horaires \u00e9t\u00e9 : 8h30 &#8211; 20h00<br><strong>Horaires hiver :<\/strong> 8h30 &#8211; 17h00<\/p>\n<\/div>\n\n\n\n<hr class=\"wp-block-separator has-alpha-channel-opacity\"\/>\n\n\n\n<div class=\"wp-block-group has-global-padding is-layout-constrained wp-block-group-is-layout-constrained\" style=\"padding-bottom:var(--wp--preset--spacing--40)\">\n<h2 class=\"wp-block-heading\">Les Tarifs<\/h2>\n\n\n\n<figure class=\"wp-block-table ma-carte-salle\"><table class=\"has-text-color has-link-color\" style=\"color:#02007b\"><tbody><tr><td>Concessions trentenaire<\/td><td><strong>184 \u20ac<\/strong><\/td><\/tr><tr><td>Cavurne trentenaire<\/td><td><strong>1102 \u20ac<\/strong><\/td><\/tr><tr><td>Case columbarium trentenaire<\/td><td><strong>686 \u20ac<\/strong><\/td><\/tr><\/tbody><\/table><\/figure>\n<\/div>\n\n\n\n<hr class=\"wp-block-separator has-alpha-channel-opacity\"\/>\n\n\n\n<div class=\"wp-block-group has-global-padding is-layout-constrained wp-block-group-is-layout-constrained\">\n<h2 class=\"wp-block-heading\">La localisation<\/h2>\n\n\n\n<figure class=\"wp-block-image size-large\"><img loading=\"lazy\" decoding=\"async\" width=\"768\" height=\"1024\" src=\"https:\/\/www.vivier-au-court.fr\/wp-content\/uploads\/2026\/02\/plan-Cimetiere-768x1024.jpg\" alt=\"\" class=\"wp-image-818\" srcset=\"https:\/\/www.vivier-au-court.fr\/wp-content\/uploads\/2026\/02\/plan-Cimetiere-768x1024.jpg 768w, https:\/\/www.vivier-au-court.fr\/wp-content\/uploads\/2026\/02\/plan-Cimetiere-225x300.jpg 225w, https:\/\/www.vivier-au-court.fr\/wp-content\/uploads\/2026\/02\/plan-Cimetiere.jpg 1008w\" sizes=\"auto, (max-width: 768px) 100vw, 768px\" \/><\/figure>\n<\/div>\n","protected":false},"excerpt":{"rendered":"<p>Les Horaires du Cimeti\u00e8re Horaires \u00e9t\u00e9 : 8h30 &#8211; 20h00Horaires hiver : 8h30 &#8211; 17h00 Les Tarifs Concessions trentenaire 184 \u20ac Cavurne trentenaire 1102 \u20ac Case columbarium trentenaire 686 \u20ac La localisation<\/p>\n","protected":false},"author":1,"featured_media":0,"parent":0,"menu_order":0,"comment_status":"closed","ping_status":"closed","template":"page-secondaire","meta":{"footnotes":""},"class_list":["post-391","page","type-page","status-publish","hentry"],"_links":{"self":[{"href":"https:\/\/www.vivier-au-court.fr\/index.php?rest_route=\/wp\/v2\/pages\/391","targetHints":{"allow":["GET"]}}],"collection":[{"href":"https:\/\/www.vivier-au-court.fr\/index.php?rest_route=\/wp\/v2\/pages"}],"about":[{"href":"https:\/\/www.vivier-au-court.fr\/index.php?rest_route=\/wp\/v2\/types\/page"}],"author":[{"embeddable":true,"href":"https:\/\/www.vivier-au-court.fr\/index.php?rest_route=\/wp\/v2\/users\/1"}],"replies":[{"embeddable":true,"href":"https:\/\/www.vivier-au-court.fr\/index.php?rest_route=%2Fwp%2Fv2%2Fcomments&post=391"}],"version-history":[{"count":10,"href":"https:\/\/www.vivier-au-court.fr\/index.php?rest_route=\/wp\/v2\/pages\/391\/revisions"}],"predecessor-version":[{"id":849,"href":"https:\/\/www.vivier-au-court.fr\/index.php?rest_route=\/wp\/v2\/pages\/391\/revisions\/849"}],"wp:attachment":[{"href":"https:\/\/www.vivier-au-court.fr\/index.php?rest_route=%2Fwp%2Fv2%2Fmedia&parent=391"}],"curies":[{"name":"wp","href":"https:\/\/api.w.org\/{rel}","templated":true}]}}