{"id":401,"date":"2026-02-13T11:59:40","date_gmt":"2026-02-13T10:59:40","guid":{"rendered":"https:\/\/vac.s11.fr\/?page_id=401"},"modified":"2026-02-23T11:51:25","modified_gmt":"2026-02-23T10:51:25","slug":"collecte-des-dechets","status":"publish","type":"page","link":"https:\/\/www.vivier-au-court.fr\/?page_id=401","title":{"rendered":"Collecte des d\u00e9chets"},"content":{"rendered":"\n<div class=\"wp-block-group has-global-padding is-layout-constrained wp-block-group-is-layout-constrained\">\n<h2 class=\"wp-block-heading\">L&rsquo;application de gestion des D\u00e9chets par Ardenne M\u00e9tropole<\/h2>\n\n\n\n<div class=\"wp-block-buttons is-layout-flex wp-block-buttons-is-layout-flex\">\n<div class=\"wp-block-button\"><a class=\"wp-block-button__link has-background wp-element-button\" href=\"https:\/\/next.publidata.io\/QG7jPt35Lg\/liste\/\" style=\"background-color:#503aa8\" target=\"_blank\" rel=\"noreferrer noopener\">Gestion des D\u00e9chets<\/a><\/div>\n<\/div>\n\n\n\n<blockquote class=\"wp-block-quote is-layout-flow wp-block-quote-is-layout-flow\">\n<p class=\"has-small-font-size\">Ce bouton vous redirige vers la page de l\u2019application de la gestion des D\u00e9chets g\u00e9r\u00e9e par Ardenne M\u00e9tropole. Ce service externe dispose de ses propres conditions d\u2019utilisation et peut utiliser des cookies ou collecter des donn\u00e9es personnelles. Nous vous invitons \u00e0 consulter leur politique de confidentialit\u00e9 pour plus d\u2019informations.<\/p>\n<\/blockquote>\n<\/div>\n\n\n\n<h2 class=\"wp-block-heading\" style=\"margin-top:var(--wp--preset--spacing--30)\">Le calendrier 2026-2027<\/h2>\n\n\n\n<div class=\"wp-block-group alignwide has-global-padding is-layout-constrained wp-block-group-is-layout-constrained\">\n<figure class=\"wp-block-image alignfull size-full\" style=\"margin-top:var(--wp--preset--spacing--30);margin-bottom:var(--wp--preset--spacing--30)\"><img loading=\"lazy\" decoding=\"async\" width=\"1123\" height=\"796\" src=\"https:\/\/www.vivier-au-court.fr\/wp-content\/uploads\/2026\/02\/calendrier-des-dechet-2026-fev-1.jpg\" alt=\"\" class=\"wp-image-826\" srcset=\"https:\/\/www.vivier-au-court.fr\/wp-content\/uploads\/2026\/02\/calendrier-des-dechet-2026-fev-1.jpg 1123w, https:\/\/www.vivier-au-court.fr\/wp-content\/uploads\/2026\/02\/calendrier-des-dechet-2026-fev-1-300x213.jpg 300w, https:\/\/www.vivier-au-court.fr\/wp-content\/uploads\/2026\/02\/calendrier-des-dechet-2026-fev-1-1024x726.jpg 1024w, https:\/\/www.vivier-au-court.fr\/wp-content\/uploads\/2026\/02\/calendrier-des-dechet-2026-fev-1-768x544.jpg 768w\" sizes=\"auto, (max-width: 1123px) 100vw, 1123px\" \/><\/figure>\n<\/div>\n\n\n\n<hr class=\"wp-block-separator has-alpha-channel-opacity\"\/>\n\n\n\n<figure class=\"wp-block-image alignwide size-large\"><img loading=\"lazy\" decoding=\"async\" width=\"1024\" height=\"723\" src=\"https:\/\/www.vivier-au-court.fr\/wp-content\/uploads\/2026\/02\/calendrier-des-dechet-2026-fev-2-1024x723.jpg\" alt=\"\" class=\"wp-image-827\" srcset=\"https:\/\/www.vivier-au-court.fr\/wp-content\/uploads\/2026\/02\/calendrier-des-dechet-2026-fev-2-1024x723.jpg 1024w, https:\/\/www.vivier-au-court.fr\/wp-content\/uploads\/2026\/02\/calendrier-des-dechet-2026-fev-2-300x212.jpg 300w, https:\/\/www.vivier-au-court.fr\/wp-content\/uploads\/2026\/02\/calendrier-des-dechet-2026-fev-2-768x542.jpg 768w, https:\/\/www.vivier-au-court.fr\/wp-content\/uploads\/2026\/02\/calendrier-des-dechet-2026-fev-2.jpg 1129w\" sizes=\"auto, (max-width: 1024px) 100vw, 1024px\" \/><\/figure>\n","protected":false},"excerpt":{"rendered":"<p>L&rsquo;application de gestion des D\u00e9chets par Ardenne M\u00e9tropole Ce bouton vous redirige vers la page de l\u2019application de la gestion des D\u00e9chets g\u00e9r\u00e9e par Ardenne M\u00e9tropole. Ce service externe dispose de ses propres conditions d\u2019utilisation et peut utiliser des cookies ou collecter des donn\u00e9es personnelles. Nous vous invitons \u00e0 consulter leur politique de confidentialit\u00e9 pour [&hellip;]<\/p>\n","protected":false},"author":1,"featured_media":0,"parent":0,"menu_order":0,"comment_status":"closed","ping_status":"closed","template":"page-secondaire","meta":{"footnotes":""},"class_list":["post-401","page","type-page","status-publish","hentry"],"_links":{"self":[{"href":"https:\/\/www.vivier-au-court.fr\/index.php?rest_route=\/wp\/v2\/pages\/401","targetHints":{"allow":["GET"]}}],"collection":[{"href":"https:\/\/www.vivier-au-court.fr\/index.php?rest_route=\/wp\/v2\/pages"}],"about":[{"href":"https:\/\/www.vivier-au-court.fr\/index.php?rest_route=\/wp\/v2\/types\/page"}],"author":[{"embeddable":true,"href":"https:\/\/www.vivier-au-court.fr\/index.php?rest_route=\/wp\/v2\/users\/1"}],"replies":[{"embeddable":true,"href":"https:\/\/www.vivier-au-court.fr\/index.php?rest_route=%2Fwp%2Fv2%2Fcomments&post=401"}],"version-history":[{"count":8,"href":"https:\/\/www.vivier-au-court.fr\/index.php?rest_route=\/wp\/v2\/pages\/401\/revisions"}],"predecessor-version":[{"id":833,"href":"https:\/\/www.vivier-au-court.fr\/index.php?rest_route=\/wp\/v2\/pages\/401\/revisions\/833"}],"wp:attachment":[{"href":"https:\/\/www.vivier-au-court.fr\/index.php?rest_route=%2Fwp%2Fv2%2Fmedia&parent=401"}],"curies":[{"name":"wp","href":"https:\/\/api.w.org\/{rel}","templated":true}]}}