{"id":500,"date":"2026-02-13T16:22:06","date_gmt":"2026-02-13T15:22:06","guid":{"rendered":"https:\/\/vac.s11.fr\/?page_id=500"},"modified":"2026-03-31T10:01:03","modified_gmt":"2026-03-31T08:01:03","slug":"les-decisions-du-conseil-municipal-2","status":"publish","type":"page","link":"https:\/\/www.vivier-au-court.fr\/?page_id=500","title":{"rendered":"Les d\u00e9cisions du conseil municipal"},"content":{"rendered":"\n<div class=\"wp-block-group alignwide is-layout-flow wp-block-group-is-layout-flow\" style=\"padding-top:0;padding-bottom:var(--wp--preset--spacing--30)\">\n<p class=\"has-medium-font-size\">Le conseil municipal repr\u00e9sente les habitants. Ses attributions sont tr\u00e8s larges depuis la loi de 1884 qui le charge de r\u00e9gler \u00ab\u00a0par ses d\u00e9lib\u00e9rations les affaires de la commune\u00a0\u00bb. Cette comp\u00e9tence s\u2019\u00e9tend \u00e0 de nombreux domaines.<\/p>\n\n\n\n<p class=\"has-medium-font-size\">Le conseil municipal donne son avis toutes les fois qu\u2019il est requis par les textes ou par le repr\u00e9sentant de l\u2019\u00c9tat.<\/p>\n\n\n\n<p class=\"has-medium-font-size\">Il \u00e9met des v\u0153ux sur tous les sujets d\u2019int\u00e9r\u00eat local :<\/p>\n\n\n\n<ul class=\"wp-block-list\">\n<li class=\"has-accent-3-color has-text-color has-link-color has-medium-font-size wp-elements-576d547c0ca2f0ddde734460fe35e35c\">Il vote le budget,<\/li>\n\n\n\n<li class=\"has-accent-3-color has-text-color has-link-color has-medium-font-size wp-elements-565c40d2dc02d45c12c1386d781d7190\">Approuve le compte administratif (budget ex\u00e9cut\u00e9),<\/li>\n\n\n\n<li class=\"has-accent-3-color has-text-color has-link-color has-medium-font-size wp-elements-c17f8d28c0168623249129fff93fb598\">Il est comp\u00e9tent pour cr\u00e9er et supprimer des services publics municipaux,<\/li>\n\n\n\n<li class=\"has-accent-3-color has-text-color has-link-color has-medium-font-size wp-elements-324bd2044528ef4cbffb44b25f2637cc\">pour d\u00e9cider des travaux,<\/li>\n\n\n\n<li class=\"has-accent-3-color has-text-color has-link-color has-medium-font-size wp-elements-d5c88fb8e62df318aef26d93dfcf78ca\">pour g\u00e9rer le patrimoine communal,<\/li>\n\n\n\n<li class=\"has-accent-3-color has-text-color has-link-color has-medium-font-size wp-elements-68ede7e12dfef3a1e4f18f60e4dc265d\">pour accorder des aides favorisant le d\u00e9veloppement \u00e9conomique.<\/li>\n<\/ul>\n\n\n\n<p class=\"has-medium-font-size\">Le conseil exerce ses comp\u00e9tences en adoptant des \u00ab\u00a0d\u00e9lib\u00e9rations\u00a0\u00bb. Ce terme d\u00e9signe ici les mesures vot\u00e9es. Il peut former des commissions disposant d\u2019un pouvoir d\u2019\u00e9tude des dossiers.<\/p>\n\n\n\n<p class=\"has-medium-font-size\">Le conseil municipal doit se r\u00e9unir au moins une fois par trimestre et l\u2019ordre du jour, fix\u00e9 par le maire, doit \u00eatre communiqu\u00e9 avant le d\u00e9but de la s\u00e9ance. Celle-ci est ouverte au public sauf si l\u2019assembl\u00e9e d\u00e9cide le huis clos ou si le maire exerce son pouvoir de \u00ab\u00a0police des s\u00e9ances\u00a0\u00bb, notamment en cas d\u2019agitation, et restreint l\u2019acc\u00e8s du public aux d\u00e9bats.<\/p>\n\n\n\n<p class=\"has-medium-font-size\">En cas de dysfonctionnement grave, le conseil municipal peut \u00eatre dissous par d\u00e9cret en Conseil des ministres.<\/p>\n<\/div>\n\n\n\n<details class=\"wp-block-details ma-carte-salle is-layout-flow wp-block-details-is-layout-flow\"><summary>2026<\/summary>\n<details class=\"wp-block-details is-layout-flow wp-block-details-is-layout-flow\"><summary>Liste r\u00e9capitulative des d\u00e9lib\u00e9rations<\/summary>\n<ul class=\"wp-block-list\">\n<li><a href=\"https:\/\/www.vivier-au-court.fr\/wp-content\/uploads\/2026\/02\/liste-Deliberations-11-02-2026.pdf\" data-type=\"link\" data-id=\"https:\/\/www.vivier-au-court.fr\/wp-content\/uploads\/2026\/02\/liste-Deliberations-11-02-2026.pdf\" target=\"_blank\" rel=\"noreferrer noopener\">S\u00e9ance du 11 f\u00e9vrier 2026<\/a><\/li>\n\n\n\n<li><a href=\"https:\/\/www.vivier-au-court.fr\/wp-content\/uploads\/2026\/03\/listeDeliberationsExaminees-9-mars-2026.pdf\" data-type=\"link\" data-id=\"https:\/\/www.vivier-au-court.fr\/wp-content\/uploads\/2026\/02\/liste-Deliberations-11-02-2026.pdf\" target=\"_blank\" rel=\"noreferrer noopener\">S\u00e9ance du 09 mars 2026<\/a><\/li>\n<\/ul>\n<\/details>\n\n\n\n<details class=\"wp-block-details is-layout-flow wp-block-details-is-layout-flow\"><summary>Proc\u00e8s Verbal<\/summary>\n<ul class=\"wp-block-list\">\n<li><a href=\"https:\/\/www.vivier-au-court.fr\/wp-content\/uploads\/2026\/02\/Proces-verbal-du-11-fevier-2026.pdf\" target=\"_blank\" rel=\"noreferrer noopener\">s\u00e9ance du 11 f\u00e9vrier 2026<\/a><\/li>\n\n\n\n<li><a href=\"https:\/\/www.vivier-au-court.fr\/wp-content\/uploads\/2026\/03\/pv-9-mars-2026.pdf\" data-type=\"attachment\" data-id=\"894\" target=\"_blank\" rel=\"noreferrer noopener\">S\u00e9ance du 09 mars 2026<\/a><\/li>\n\n\n\n<li><a href=\"https:\/\/www.vivier-au-court.fr\/wp-content\/uploads\/2026\/03\/pv-du-conseil-muncipal-du-22-mars-2026.pdf\" data-type=\"link\" data-id=\"https:\/\/www.vivier-au-court.fr\/wp-content\/uploads\/2026\/03\/pv-du-conseil-muncipal-du-22-mars-2026.pdf\" target=\"_blank\" rel=\"noreferrer noopener\">S\u00e9ance du 22 mars 2026<\/a><\/li>\n<\/ul>\n<\/details>\n<\/details>\n\n\n\n<details class=\"wp-block-details ma-carte-salle is-layout-flow wp-block-details-is-layout-flow\"><summary>2025<\/summary>\n<details class=\"wp-block-details is-layout-flow wp-block-details-is-layout-flow\"><summary>Liste r\u00e9capitulative des d\u00e9lib\u00e9rations<\/summary>\n<ul class=\"wp-block-list\">\n<li><a href=\"https:\/\/www.vivier-au-court.fr\/wp-content\/uploads\/2026\/02\/liste-Deliberations-03-02-2025.pdf\" data-type=\"link\" data-id=\"https:\/\/www.vivier-au-court.fr\/wp-content\/uploads\/2026\/02\/liste-Deliberations-11-02-2026.pdf\" target=\"_blank\" rel=\"noreferrer noopener\">S\u00e9ance du 03 f\u00e9vrier 2025<\/a><\/li>\n\n\n\n<li><a href=\"https:\/\/www.vivier-au-court.fr\/wp-content\/uploads\/2026\/02\/liste-Deliberations-14-04-2025.pdf\" data-type=\"link\" data-id=\"https:\/\/www.vivier-au-court.fr\/wp-content\/uploads\/2026\/02\/liste-Deliberations-14-04-2025.pdf\" target=\"_blank\" rel=\"noreferrer noopener\">S\u00e9ance du 14 avril 2025<\/a><\/li>\n\n\n\n<li><a href=\"https:\/\/www.vivier-au-court.fr\/wp-content\/uploads\/2026\/02\/liste-Deliberations-19-05-2025.pdf\" data-type=\"link\" data-id=\"https:\/\/www.vivier-au-court.fr\/wp-content\/uploads\/2026\/02\/liste-Deliberations-19-05-2025.pdf\" target=\"_blank\" rel=\"noreferrer noopener\">S\u00e9ance du 19 mai 2025<\/a><\/li>\n\n\n\n<li><a href=\"https:\/\/www.vivier-au-court.fr\/wp-content\/uploads\/2026\/02\/liste-Deliberations-01-09-2025.pdf\" data-type=\"link\" data-id=\"https:\/\/www.vivier-au-court.fr\/wp-content\/uploads\/2026\/02\/liste-Deliberations-01-09-2025.pdf\" target=\"_blank\" rel=\"noreferrer noopener\">S\u00e9ance du 01 septembre 2025<\/a><\/li>\n\n\n\n<li><a href=\"https:\/\/www.vivier-au-court.fr\/wp-content\/uploads\/2026\/02\/liste-Deliberations-13-10-2025.pdf\" data-type=\"link\" data-id=\"https:\/\/www.vivier-au-court.fr\/wp-content\/uploads\/2026\/02\/liste-Deliberations-13-10-2025.pdf\" target=\"_blank\" rel=\"noreferrer noopener\">S\u00e9ance du 13 octobre 2025<\/a><\/li>\n\n\n\n<li><a href=\"https:\/\/www.vivier-au-court.fr\/wp-content\/uploads\/2026\/02\/liste-Deliberations-17-11-2025.pdf\" data-type=\"link\" data-id=\"https:\/\/www.vivier-au-court.fr\/wp-content\/uploads\/2026\/02\/liste-Deliberations-17-11-2025.pdf\">S\u00e9ance du 17 novembre 2025<\/a><\/li>\n\n\n\n<li><a href=\"https:\/\/www.vivier-au-court.fr\/wp-content\/uploads\/2026\/02\/liste-Deliberations-01-12-2025.pdf\" data-type=\"link\" data-id=\"https:\/\/www.vivier-au-court.fr\/wp-content\/uploads\/2026\/02\/liste-Deliberations-01-12-2025.pdf\" target=\"_blank\" rel=\"noreferrer noopener\">S\u00e9ance du 01 d\u00e9cembre 2025<\/a><\/li>\n\n\n\n<li><a href=\"https:\/\/www.vivier-au-court.fr\/wp-content\/uploads\/2026\/02\/liste-Deliberations-08-12-2025.pdf\" data-type=\"link\" data-id=\"https:\/\/www.vivier-au-court.fr\/wp-content\/uploads\/2026\/02\/liste-Deliberations-08-12-2025.pdf\" target=\"_blank\" rel=\"noreferrer noopener\">S\u00e9ance du 08 d\u00e9cembre 2025<\/a><\/li>\n<\/ul>\n<\/details>\n\n\n\n<details class=\"wp-block-details is-layout-flow wp-block-details-is-layout-flow\"><summary>Proc\u00e8s Verbal<\/summary>\n<ul class=\"wp-block-list\">\n<li><a href=\"https:\/\/www.vivier-au-court.fr\/wp-content\/uploads\/2026\/02\/PV-du-conseil-municipal-du-01-12-2025.pdf\" data-type=\"link\" data-id=\"https:\/\/www.vivier-au-court.fr\/wp-content\/uploads\/2026\/02\/PV-du-conseil-municipal-du-01-12-2025.pdf\" target=\"_blank\" rel=\"noreferrer noopener\">S\u00e9ance du 01 d\u00e9cembre 2025<\/a><\/li>\n\n\n\n<li><a href=\"https:\/\/www.vivier-au-court.fr\/wp-content\/uploads\/2026\/02\/PV-du-conseil-municipal-du-08-12-2025.pdf\" data-type=\"link\" data-id=\"https:\/\/www.vivier-au-court.fr\/wp-content\/uploads\/2026\/02\/PV-du-conseil-municipal-du-08-12-2025.pdf\" target=\"_blank\" rel=\"noreferrer noopener\">S\u00e9ance du 08 d\u00e9cembre 2025<\/a><\/li>\n<\/ul>\n<\/details>\n<\/details>\n\n\n\n<details class=\"wp-block-details ma-carte-salle is-layout-flow wp-block-details-is-layout-flow\"><summary>2024<\/summary>\n<details class=\"wp-block-details is-layout-flow wp-block-details-is-layout-flow\"><summary>Liste r\u00e9capitulative des d\u00e9lib\u00e9rations<\/summary>\n<ul class=\"wp-block-list\">\n<li><a href=\"https:\/\/www.vivier-au-court.fr\/wp-content\/uploads\/2026\/02\/liste-Deliberations-27-03-2024.pdf\" data-type=\"attachment\" data-id=\"806\" target=\"_blank\" rel=\"noreferrer noopener\">S\u00e9ance du 27 mars 2024<\/a><\/li>\n\n\n\n<li><a href=\"https:\/\/www.vivier-au-court.fr\/wp-content\/uploads\/2026\/02\/liste-Deliberations-22-05-2024.pdf\" data-type=\"link\" data-id=\"https:\/\/www.vivier-au-court.fr\/wp-content\/uploads\/2026\/02\/liste-Deliberations-22-05-2024.pdf\" target=\"_blank\" rel=\"noreferrer noopener\">S\u00e9ance du 22 mai 2024<\/a><\/li>\n\n\n\n<li><a href=\"https:\/\/www.vivier-au-court.fr\/wp-content\/uploads\/2026\/02\/liste-Deliberations-24-06-2024.pdf\" data-type=\"link\" data-id=\"https:\/\/www.vivier-au-court.fr\/wp-content\/uploads\/2026\/02\/liste-Deliberations-24-06-2024.pdf\" target=\"_blank\" rel=\"noreferrer noopener\">S\u00e9ance du 24 juin 2024<\/a><\/li>\n\n\n\n<li><a href=\"https:\/\/www.vivier-au-court.fr\/wp-content\/uploads\/2026\/02\/liste-Deliberations-02-09-2024.pdf\" data-type=\"link\" data-id=\"https:\/\/www.vivier-au-court.fr\/wp-content\/uploads\/2026\/02\/liste-Deliberations-02-09-2024.pdf\" target=\"_blank\" rel=\"noreferrer noopener\">S\u00e9ance du 02 septembre 2024<\/a><\/li>\n\n\n\n<li><a href=\"https:\/\/www.vivier-au-court.fr\/wp-content\/uploads\/2026\/02\/liste-Deliberations-28-10-2024.pdf\" data-type=\"link\" data-id=\"https:\/\/www.vivier-au-court.fr\/wp-content\/uploads\/2026\/02\/liste-Deliberations-28-10-2024.pdf\" target=\"_blank\" rel=\"noreferrer noopener\">S\u00e9ance du 28 octobre 2024<\/a><\/li>\n\n\n\n<li><a href=\"https:\/\/www.vivier-au-court.fr\/wp-content\/uploads\/2026\/02\/liste-Deliberations-25-11-2024.pdf\" data-type=\"link\" data-id=\"https:\/\/www.vivier-au-court.fr\/wp-content\/uploads\/2026\/02\/liste-Deliberations-25-11-2024.pdf\" target=\"_blank\" rel=\"noreferrer noopener\">S\u00e9ance du 25 novembre 2024<\/a><\/li>\n\n\n\n<li><a href=\"https:\/\/www.vivier-au-court.fr\/wp-content\/uploads\/2026\/02\/liste-Deliberations-19-12-2024.pdf\">S\u00e9ance du 19 d\u00e9cembre 2024<\/a><\/li>\n<\/ul>\n<\/details>\n<\/details>\n","protected":false},"excerpt":{"rendered":"<p>Le conseil municipal repr\u00e9sente les habitants. Ses attributions sont tr\u00e8s larges depuis la loi de 1884 qui le charge de r\u00e9gler \u00ab\u00a0par ses d\u00e9lib\u00e9rations les affaires de la commune\u00a0\u00bb. Cette comp\u00e9tence s\u2019\u00e9tend \u00e0 de nombreux domaines. Le conseil municipal donne son avis toutes les fois qu\u2019il est requis par les textes ou par le repr\u00e9sentant [&hellip;]<\/p>\n","protected":false},"author":1,"featured_media":0,"parent":0,"menu_order":0,"comment_status":"closed","ping_status":"closed","template":"page-secondaire","meta":{"footnotes":""},"class_list":["post-500","page","type-page","status-publish","hentry"],"_links":{"self":[{"href":"https:\/\/www.vivier-au-court.fr\/index.php?rest_route=\/wp\/v2\/pages\/500","targetHints":{"allow":["GET"]}}],"collection":[{"href":"https:\/\/www.vivier-au-court.fr\/index.php?rest_route=\/wp\/v2\/pages"}],"about":[{"href":"https:\/\/www.vivier-au-court.fr\/index.php?rest_route=\/wp\/v2\/types\/page"}],"author":[{"embeddable":true,"href":"https:\/\/www.vivier-au-court.fr\/index.php?rest_route=\/wp\/v2\/users\/1"}],"replies":[{"embeddable":true,"href":"https:\/\/www.vivier-au-court.fr\/index.php?rest_route=%2Fwp%2Fv2%2Fcomments&post=500"}],"version-history":[{"count":12,"href":"https:\/\/www.vivier-au-court.fr\/index.php?rest_route=\/wp\/v2\/pages\/500\/revisions"}],"predecessor-version":[{"id":942,"href":"https:\/\/www.vivier-au-court.fr\/index.php?rest_route=\/wp\/v2\/pages\/500\/revisions\/942"}],"wp:attachment":[{"href":"https:\/\/www.vivier-au-court.fr\/index.php?rest_route=%2Fwp%2Fv2%2Fmedia&parent=500"}],"curies":[{"name":"wp","href":"https:\/\/api.w.org\/{rel}","templated":true}]}}