{"id":503,"date":"2026-02-13T16:31:36","date_gmt":"2026-02-13T15:31:36","guid":{"rendered":"https:\/\/vac.s11.fr\/?page_id=503"},"modified":"2026-02-25T13:05:45","modified_gmt":"2026-02-25T12:05:45","slug":"la-bibliotheque","status":"publish","type":"page","link":"https:\/\/www.vivier-au-court.fr\/?page_id=503","title":{"rendered":"La M\u00e9diath\u00e8que"},"content":{"rendered":"\n<h3 class=\"wp-block-heading has-text-color has-link-color wp-elements-3a8a2983e94356daac6f1b839297549b\" style=\"color:#060692\">Ouverte au public depuis le 15 mai 2024, la m\u00e9diath\u00e8que de Vivier-Au-Court met en avant l\u2019acc\u00e8s \u00e0 la culture pour tous.<\/h3>\n\n\n\n<p>\u200b<\/p>\n\n\n\n<div class=\"card-mediatheque\">\n    <h3>M\u00e9diath\u00e8que \u00ab Au fil des pages \u00bb<\/h3>\n    \n    <div class=\"info-item\">\n        <span class=\"icon\">\ud83d\udccd<\/span>\n        <p>11 rue de Tambach Dietharz<br>08440 Vivier-Au-Court<\/p>\n    <\/div>\n\n    <div class=\"info-item\">\n        <span class=\"icon\">\ud83d\udcde<\/span>\n        <p>03-52-76-00-70<\/p>\n    <\/div>\n\n    <div class=\"info-item\">\n        <span class=\"icon\">\ud83d\udce7<\/span>\n        <p><a href=\"mailto:mediatheque@vivier-au-court.fr\">mediatheque@vivier-au-court.fr<\/a><\/p>\n    <\/div>\n    \n    <div class=\"horaires-mini\">\n        <strong>Ouvert au public<\/strong>\n    <\/div>\n<\/div>\n\n\n\n<p><\/p>\n\n\n\n<p><\/p>\n\n\n\n<div class=\"card-mairie\">\n    <h3 class=\"titre-horaires\">HORAIRES D&rsquo;OUVERTURE<\/h3>\n    <table class=\"table-horaires\">\n        <thead>\n            <tr>\n                <th>Jour<\/th>\n                <th>Matin<\/th>\n                <th>Apr\u00e8s-midi<\/th>\n            <\/tr>\n        <\/thead>\n        <tbody>\n            <tr><td>Mardi<\/td><td>09:00 &#8211; 11:30<\/td><td>14:00 &#8211; 18:00<\/td><\/tr>\n            <tr><td>Mercredi<\/td><td>09:00 &#8211; 12:00<\/td><td>14:00 &#8211; 18:00<\/td><\/tr>\n            <tr><td>Jeudi<\/td><td>09:30 &#8211; 11:30<\/td><td>14:00 &#8211; 18:00<\/td><\/tr>\n            <tr><td>Vendredi<\/td><td>09:00 &#8211; 11:30<\/td><td>14:00 &#8211; 18:00<\/td><\/tr>\n            <tr><td>Samedi<\/td><td>10:00 &#8211; 12:00<\/td><td class=\"ferme\">Ferm\u00e9<\/td><\/tr>\n        <\/tbody>\n    <\/table>\n<\/div>\n\n\n\n<p><\/p>\n\n\n\n<p><\/p>\n\n\n\n<p><\/p>\n\n\n\n<p class=\"has-medium-font-size\">L\u2019inscription y est gratuite, que ce soit pour les Vivarois ou les habitants des autres communes.<\/p>\n\n\n\n<p>\u200b<\/p>\n\n\n\n<p class=\"has-medium-font-size\">En plus d\u2019un fonds propre de 2000 livres, avec des achats r\u00e9guliers permettant d\u2019avoir les derni\u00e8res nouveaut\u00e9s, la m\u00e9diath\u00e8que dispose de livres et livres sonores pr\u00eat\u00e9s par la Biblioth\u00e8que D\u00e9partementale des Ardennes.<\/p>\n\n\n\n<p>\u200b<\/p>\n\n\n\n<p class=\"has-medium-font-size\">L\u2019objectif est de faire de la structure un lieu dynamique et convivial avec des animations r\u00e9guli\u00e8res, diverses et pour tous les publics.<\/p>\n\n\n\n<div class=\"wp-block-columns is-layout-flex wp-container-core-columns-is-layout-28f84493 wp-block-columns-is-layout-flex\">\n<div class=\"wp-block-column is-layout-flow wp-block-column-is-layout-flow\" style=\"flex-basis:100%\">\n<div class=\"wp-block-group has-global-padding is-layout-constrained wp-block-group-is-layout-constrained\">\n<div class=\"wp-block-columns is-layout-flex wp-container-core-columns-is-layout-28f84493 wp-block-columns-is-layout-flex\">\n<div class=\"wp-block-column is-layout-flow wp-block-column-is-layout-flow\">\n<figure class=\"wp-block-image size-full has-custom-border\"><img loading=\"lazy\" decoding=\"async\" width=\"1088\" height=\"491\" src=\"https:\/\/www.vivier-au-court.fr\/wp-content\/uploads\/2026\/02\/IMG_20250930_102043-edited.jpg\" alt=\"\" class=\"wp-image-527\" style=\"border-top-left-radius:23px;border-top-right-radius:23px;border-bottom-left-radius:23px;border-bottom-right-radius:23px;aspect-ratio:1;object-fit:cover\" srcset=\"https:\/\/www.vivier-au-court.fr\/wp-content\/uploads\/2026\/02\/IMG_20250930_102043-edited.jpg 1088w, https:\/\/www.vivier-au-court.fr\/wp-content\/uploads\/2026\/02\/IMG_20250930_102043-edited-300x135.jpg 300w, https:\/\/www.vivier-au-court.fr\/wp-content\/uploads\/2026\/02\/IMG_20250930_102043-edited-1024x462.jpg 1024w, https:\/\/www.vivier-au-court.fr\/wp-content\/uploads\/2026\/02\/IMG_20250930_102043-edited-768x347.jpg 768w\" sizes=\"auto, (max-width: 1088px) 100vw, 1088px\" \/><\/figure>\n<\/div>\n\n\n\n<div class=\"wp-block-column is-layout-flow wp-block-column-is-layout-flow\">\n<h3 class=\"wp-block-heading has-text-color has-link-color wp-elements-f8edc7f8893abb21aa22b04ba6b46979\" style=\"color:#1c0374\">Modalit\u00e9s d\u2019inscription<\/h3>\n\n\n\n<p class=\"has-medium-font-size\">\u2022 Inscription gratuite pour tous<\/p>\n\n\n\n<p class=\"has-medium-font-size\">\u2022 Justificatif de domicile \u00e0 pr\u00e9senter \u00e0 l\u2019inscription (sur papier ou t\u00e9l\u00e9phone)<\/p>\n\n\n\n<p class=\"has-medium-font-size\">\u2022 Inscription d\u2019un mineur uniquement en pr\u00e9sence d\u2019un adulte<\/p>\n\n\n\n<p class=\"has-medium-font-size\">Modalit\u00e9s d\u2019emprunt :<\/p>\n\n\n\n<p class=\"has-medium-font-size\">\u2022 pr\u00eat de 5 livres et 2CD au maximum, pour une dur\u00e9e d\u20191 mois<\/p>\n\n\n\n<p class=\"has-medium-font-size\">Nos collections<\/p>\n\n\n\n<p class=\"has-medium-font-size\">\u2022 Plus de 2500 documents : romans, policiers, bandes dessin\u00e9es, documentaires, mangas, albums pour enfants, CD de livres lus\u2026<\/p>\n\n\n\n<p class=\"has-medium-font-size\">\u2022 Revues et p\u00e9riodiques (dont l\u2019Ardennais)<\/p>\n\n\n\n<p class=\"has-medium-font-size\">\u2022 Ordinateurs et tablettes mises \u00e0 disposition sur place<\/p>\n\n\n\n<p class=\"has-medium-font-size\">\u2022 Acc\u00e8s au site Le Bon Groin : formations en ligne, Vid\u00e9o A la Demande et presse en ligne<\/p>\n\n\n\n<p class=\"has-medium-font-size\">\u2022 R\u00e9servations possibles sur le site de la Biblioth\u00e8que D\u00e9partementale : bda.cd08.fr\/<\/p>\n<\/div>\n<\/div>\n<\/div>\n<\/div>\n<\/div>\n","protected":false},"excerpt":{"rendered":"<p>Ouverte au public depuis le 15 mai 2024, la m\u00e9diath\u00e8que de Vivier-Au-Court met en avant l\u2019acc\u00e8s \u00e0 la culture pour tous. \u200b M\u00e9diath\u00e8que \u00ab Au fil des pages \u00bb \ud83d\udccd 11 rue de Tambach Dietharz08440 Vivier-Au-Court \ud83d\udcde 03-52-76-00-70 \ud83d\udce7 mediatheque@vivier-au-court.fr Ouvert au public HORAIRES D&rsquo;OUVERTURE Jour Matin Apr\u00e8s-midi Mardi 09:00 &#8211; 11:30 14:00 &#8211; 18:00 [&hellip;]<\/p>\n","protected":false},"author":1,"featured_media":0,"parent":0,"menu_order":0,"comment_status":"closed","ping_status":"closed","template":"page-secondaire","meta":{"footnotes":""},"class_list":["post-503","page","type-page","status-publish","hentry"],"_links":{"self":[{"href":"https:\/\/www.vivier-au-court.fr\/index.php?rest_route=\/wp\/v2\/pages\/503","targetHints":{"allow":["GET"]}}],"collection":[{"href":"https:\/\/www.vivier-au-court.fr\/index.php?rest_route=\/wp\/v2\/pages"}],"about":[{"href":"https:\/\/www.vivier-au-court.fr\/index.php?rest_route=\/wp\/v2\/types\/page"}],"author":[{"embeddable":true,"href":"https:\/\/www.vivier-au-court.fr\/index.php?rest_route=\/wp\/v2\/users\/1"}],"replies":[{"embeddable":true,"href":"https:\/\/www.vivier-au-court.fr\/index.php?rest_route=%2Fwp%2Fv2%2Fcomments&post=503"}],"version-history":[{"count":11,"href":"https:\/\/www.vivier-au-court.fr\/index.php?rest_route=\/wp\/v2\/pages\/503\/revisions"}],"predecessor-version":[{"id":854,"href":"https:\/\/www.vivier-au-court.fr\/index.php?rest_route=\/wp\/v2\/pages\/503\/revisions\/854"}],"wp:attachment":[{"href":"https:\/\/www.vivier-au-court.fr\/index.php?rest_route=%2Fwp%2Fv2%2Fmedia&parent=503"}],"curies":[{"name":"wp","href":"https:\/\/api.w.org\/{rel}","templated":true}]}}