{"id":508,"date":"2026-02-13T16:45:31","date_gmt":"2026-02-13T15:45:31","guid":{"rendered":"https:\/\/vac.s11.fr\/?page_id=508"},"modified":"2026-02-25T11:39:08","modified_gmt":"2026-02-25T10:39:08","slug":"memoire-dhabitant","status":"publish","type":"page","link":"https:\/\/www.vivier-au-court.fr\/?page_id=508","title":{"rendered":"M\u00e9moire d&rsquo;habitant"},"content":{"rendered":"\n<div class=\"wp-block-group alignwide has-global-padding is-layout-constrained wp-block-group-is-layout-constrained\">\n<details class=\"wp-block-details alignwide ma-carte-salle is-layout-flow wp-block-details-is-layout-flow\"><summary><strong>Regards crois\u00e9s<\/strong><\/summary>\n<p class=\"has-medium-font-size\">Ce projet a vu le jour dans les d\u00e9buts de l\u2019ann\u00e9e 2005, \u00e0 l\u2019initiative de b\u00e9n\u00e9voles de l\u2019<a href=\"http:\/\/www.escvh.fr\/\" target=\"_blank\" rel=\"noreferrer noopener\">Espace Social et Culturel Victor Hugo<\/a>&nbsp;de Vivier-au-Court et a \u00e9t\u00e9 pilot\u00e9 plus particuli\u00e8rement par M. Le Brech, vice-pr\u00e9sident de la structure.<\/p>\n\n\n\n<p class=\"has-medium-font-size\">Le travail engag\u00e9 pendant 3 ans, a permis de recueillir de nombreux t\u00e9moignages concernant l\u2019\u00e9volution du territoire. Il a surtout contribu\u00e9 \u00e0 l\u2019expression, la prise de parole d\u2019habitants qui ont \u00e9t\u00e9 t\u00e9moins ou acteurs des changements op\u00e9r\u00e9s depuis plus d\u2019un si\u00e8cle sur la commune de Vivier-au-Court.<\/p>\n\n\n\n<p class=\"has-medium-font-size\">Par cette action, il ne s\u2019agissait pas de faire concurrence aux historiens, mais de collecter tout ce qui fait la m\u00e9moire d\u2019un pays.<\/p>\n\n\n\n<p class=\"has-medium-font-size\">Les habitants d\u2019ann\u00e9e en ann\u00e9e ont gard\u00e9 dans leurs tiroirs des \u00e9l\u00e9ments de leur pass\u00e9 personnel, qui rassembl\u00e9s, expliquent le pr\u00e9sent de notre ville.<\/p>\n\n\n\n<p class=\"has-medium-font-size\">60 personnes se sont mobilis\u00e9s autour de ce projet et ont d\u00e9montr\u00e9 que ce travail correspondait \u00e0 une attente. Beaucoup d\u2019habitants de la commune poss\u00e9dant dans leurs archives des \u00e9l\u00e9ments de leur pass\u00e9, ont \u00e9t\u00e9 heureux de les transmettre aux g\u00e9n\u00e9rations futures.<\/p>\n\n\n\n<p class=\"has-medium-font-size\">Pour la premi\u00e8re fois se sont trouv\u00e9s r\u00e9unis, des gens de toutes conditions sociales : des anciens ouvriers, des commer\u00e7ants, des artisans, des entrepreneurs, un journaliste et aussi des patrons ayant dirig\u00e9 des usines locales. Tous et toutes ont eu envie d\u2019apporter leur exp\u00e9rience afin de t\u00e9moigner et de laisser une trace de leur vie \u00e0 Vivier-au-Court.<\/p>\n\n\n\n<p class=\"has-medium-font-size\">Ce travail de m\u00e9moire collective a permis \u00e9galement de valoriser l\u2019histoire de vie des habitants d\u2019origine \u00e9trang\u00e8re, plus particuli\u00e8rement les femmes issues du regroupement familial. En leurs permettant d&rsquo;exprimer leurs premi\u00e8res impressions, le regard qu\u2019elles ont port\u00e9 sur leur nouvel espace de vie, ce travail a renforc\u00e9 le sentiment d\u2019\u00eatre reconnu, valoris\u00e9.<\/p>\n\n\n\n<p class=\"has-medium-font-size\">En conclusion, ce travail de m\u00e9moire est une qu\u00eate permanente, elle ne repr\u00e9sente qu\u2019une infime partie de notre histoire. Combien de tr\u00e9sors cach\u00e9s sont rest\u00e9s enfouis dans des tiroirs, dans des greniers ou tout simplement dans la m\u00e9moire de gens qui n\u2019ont pas cru qu\u2019ils pourraient un jour int\u00e9resser quelqu\u2019un. Le souhait que nous pouvons faire, est que des jeunes, dans plusieurs ann\u00e9es, se penchent eux aussi sur leur histoire afin de les aider \u00e0 pr\u00e9parer leur avenir.<\/p>\n\n\n\n<p class=\"has-medium-font-size\">Grand merci \u00e0 tous et \u00e0 toutes qui ont contribu\u00e9 \u00e0 ce travail de m\u00e9moire et ont permis qu\u2019il soit dor\u00e9navant, partag\u00e9 avec un plus grand nombre.<\/p>\n<\/details>\n\n\n\n<details class=\"wp-block-details alignwide ma-carte-salle is-layout-flow wp-block-details-is-layout-flow\"><summary><strong>Histoire de Vivier-au-Court<\/strong><\/summary>\n<p class=\"has-medium-font-size\">Selon la monographie de monsieur Henri Bouch\u00e9, historien local, \u00e9crite au d\u00e9but du si\u00e8cle dernier et confi\u00e9e obligeamment par sa fille Mme BOURGARIT, \u00e9pouse d\u2019un industriel connu, l\u2019\u00e9tymologie de l\u2018origine du nom de notre ville est tr\u00e8s complexe. Vivier provient du mot latin Vivarium (r\u00e9servoir \u00e0 poissons). Il pourrait d\u00e9signer l\u2019endroit o\u00f9 les romains avaient des viviers \u00e0 poissons. Le mot \u00ab court \u00bb que l\u2019on rencontre souvent dans les noms de villes et de villages ardennais doit son origine aux Gallo-Romains. Ces villages n\u2019\u00e9taient, le plus souvent, que quelques cabanes isol\u00e9es, construites sur une certaine quantit\u00e9 de terrains, closes par des haies, un courti. Vivier-au-Court, rattach\u00e9e au hameau d\u2019Aucourt depuis le 18\u00e8me si\u00e8cle, aurait d\u00fb s\u2019\u00e9crire Vivier-Aucourt. Malgr\u00e9 son origine ancienne, le nom de notre ville ne parait pour la premi\u00e8re fois dans l\u2019histoire qu\u2019en l\u2019ann\u00e9e 1040, d\u2019apr\u00e8s une charte de l\u2019Archev\u00eaque de Reims, Guy de Chatillon. Dans ce document, il conc\u00e8de \u00e0 l\u2019abb\u00e9 Richard, moine de St Vannes de Verdun, le village de Vivier qui restera ainsi jusqu\u2019\u00e0 la R\u00e9volution attach\u00e9e \u00e0 la crosse de St Vannes. La paroisse de Vivier, dont Gernelle a form\u00e9 l\u2019unique secours jusqu\u2019\u00e0 la r\u00e9volution, \u00e9tait situ\u00e9e en pays d\u2019empire et par cons\u00e9quent non sujette aux d\u00e9cimes accord\u00e9s par les Papes aux Rois. A cette \u00e9poque recul\u00e9e Vivier \u00e9tait la paroisse la plus importante comme \u00e9tendue du doyenn\u00e9, puisqu\u2019elle comprenait les territoires actuels de Vivier, Issancourt, Gernelle etc. sans compter les communes du voisinage. Elle avait une superficie de 2500 hectares soit le cinqui\u00e8me du canton actuel.<\/p>\n\n\n\n<p>Les \u00e9carts de Vivier sont :<\/p>\n\n\n\n<p class=\"has-medium-font-size\">Aucourt Curtis au Sud-Ouest \u00e0 peu de distance du ruisseau de Vaste Pr\u00e9 qui par sa jonction avec le ruisselet de Moraimont forme le Thyw\u00e9, affluant de la Vrigne o\u00f9 il se d\u00e9charge par sa rive droite au ch\u00e2teau du Faucon. Ce hameau Curtis (la ferme) n\u2019est qu\u2019une m\u00e9tairie d\u00e9pendant du village construit par les moines de St Vannes. Avec le temps elle s\u2019est d\u00e9velopp\u00e9e et est devenue le hameau ou section principale de la paroisse qui s\u2019appelle Vivier-au-Court.<\/p>\n\n\n\n<p class=\"has-medium-font-size\">Les annonciades de M\u00e9zi\u00e8res y poss\u00e9daient des petits cens au si\u00e8cle dernier et la fabrique de l\u2019Eglise paroissiale de St Laurent y avait \u00e9galement quelques biens ( voir archives).<\/p>\n\n\n\n<p class=\"has-medium-font-size\">Moraimont : Autrefois fief de Morimont, converti depuis de longues ann\u00e9es d\u2019abord en un moulin \u00e0 farine puis en forge et en fonderie sur le ruisselet de m\u00eame nom, affluent du ruisselet de Vaste-pr\u00e9. Le carticulaire de Rethel parle de ce domaine sous l\u2019ann\u00e9e 1220.<\/p>\n\n\n\n<p class=\"has-medium-font-size\">Thum\u00e9court : est situ\u00e9 \u00e0 l\u2019intersection du chemin n\u00b016 communication de St Laurent \u00e0 Sedan et Vivier \u00e0 Issancourt. Les annonciades de M\u00e9zi\u00e8res y avaient achet\u00e9 quelques propri\u00e9t\u00e9s (H 415) mais de peu de revenus, aux environs de ce hameau, la carte de l\u2019ing\u00e9nieur Vendol signale un moulin \u00e0 vent \u00e0 une altitude de 174 m. Les autres principales cotes relev\u00e9es sur la carte d\u2019\u00e9tat-major sont les suivantes :<\/p>\n\n\n\n<p class=\"has-medium-font-size\">184 m sur la rive gauche du Thyw\u00e9 en face du bois des Urliquettes ,<\/p>\n\n\n\n<p class=\"has-medium-font-size\">203 m \u00e0 Moraimont,<\/p>\n\n\n\n<p class=\"has-medium-font-size\">225 m au Nord-Ouest de Thum\u00e9court du c\u00f4t\u00e9 ville,<\/p>\n\n\n\n<p class=\"has-medium-font-size\">255 m Vall\u00e9e Chausson.<\/p>\n\n\n\n<p class=\"has-medium-font-size\">Nous ne saurions pr\u00e9ciser l\u2019\u00e9poque exacte de la r\u00e9union de la terre de Vivier au Comt\u00e9 de Rethel, nous pensons que faisant partie de la pr\u00e9v\u00f4t\u00e9 de Donchery, elle appartenait \u00e0 la fin du XII\u00e8mesi\u00e8cle \u00e0 Renauld Ch\u00e2telain de M\u00e9zi\u00e8res.<\/p>\n\n\n\n<p class=\"has-medium-font-size\">Dans sa partie m\u00e9ridionale du c\u00f4t\u00e9 de Nouvion, Vrigne-Meuse, on rencontre des petits bois, des bouquets d\u2019arbres d\u2019o\u00f9 sortent quelques ruisselets qui se rendent \u00e0 la Vrigne. L\u2019un des deux fait mouvoir une usine \u00e0 polir le fer. On mentionne des fontaines (Auges, Charmes).<\/p>\n<\/details>\n\n\n\n<details class=\"wp-block-details alignwide ma-carte-salle is-layout-flow wp-block-details-is-layout-flow\"><summary><strong>L\u2019\u00e9glise de Vivier<\/strong><\/summary>\n<p class=\"has-medium-font-size\">Sur ses murs on voit encore des traces d\u2019anciennes fortifications, et \u00e0 une \u00e9poque recul\u00e9e, elle a servi de refuge aux habitants de la paroisse. Au 19\u00e8me si\u00e8cle, elle poss\u00e9dait un antique clocher de pierres de forme pyramidale. La tradition la faisait remonter \u00e0 6 ou 7 si\u00e8cles d\u2019existence. Les registres paroissiaux remontent \u00e0 1673. Autrefois fortifi\u00e9e, l\u2019\u00e9glise qui date du 16\u00e8me si\u00e8cle, avait quatre tours couvertes en ardoises (il en reste deux), un mur garni de cr\u00e9neaux. Le mur et deux tours ont \u00e9t\u00e9 d\u00e9molis pendant la r\u00e9volution (1789-1795).<\/p>\n\n\n\n<p class=\"has-medium-font-size\">Le cimeti\u00e8re \u00e9tait devant l\u2019\u00e9glise jusqu\u2019en 1865 (extraits de \u00ab g\u00e9ographie illustr\u00e9e des ARDENNES \u00bb par Albert Meyrax.<\/p>\n\n\n\n<h4 class=\"wp-block-heading has-medium-font-size\"><strong>Cur\u00e9s de cette \u00e9poque :<\/strong><\/h4>\n\n\n\n<p class=\"has-medium-font-size\">Jean-Claude Cordier<\/p>\n\n\n\n<p class=\"has-medium-font-size\">Jean de Vrigne<\/p>\n\n\n\n<p class=\"has-medium-font-size\">Jean de Harantz<\/p>\n\n\n\n<p class=\"has-medium-font-size\">Jean Thom\u00e9<\/p>\n\n\n\n<p class=\"has-medium-font-size\">Nicolas Dupuy<\/p>\n\n\n\n<p class=\"has-medium-font-size\">Puire de Persigny<\/p>\n\n\n\n<p class=\"has-medium-font-size\">Jean Bardou<\/p>\n\n\n\n<p class=\"has-medium-font-size\">Puire Antoine<\/p>\n\n\n\n<p class=\"has-medium-font-size\">Dans le 19\u00e8me si\u00e8cle, Mrs Peltier mort en 1844, Jussy Ludan en 1866, Oudart et Niclot se sont succ\u00e9d\u00e9s. La paroisse de Vivier est sous le vocable de Saint Julien, elle a pour secours Gernelle fond\u00e9e en l\u2019honneur de la Ste Vierge. (archives c 80 et 300)<\/p>\n<\/details>\n\n\n\n<details class=\"wp-block-details alignwide ma-carte-salle is-layout-flow wp-block-details-is-layout-flow\"><summary><strong>Le ch\u00e2teau<\/strong><\/summary>\n<p class=\"has-medium-font-size\">Le ch\u00e2teau, situ\u00e9 place d\u2019Armes, ancienne demeure des seigneurs LANISY jusqu\u2019\u00e0 la R\u00e9volution, n\u2019a rien d\u2019un ch\u00e2teau f\u00e9odal. C\u2019est une maison forte \u00e0 usage de ferme, maintenant assez d\u00e9labr\u00e9e. Elle date probablement du XVI\u00e8me si\u00e8cle.<\/p>\n<\/details>\n\n\n\n<details class=\"wp-block-details alignwide ma-carte-salle is-layout-flow wp-block-details-is-layout-flow\"><summary><strong>La fonderie<\/strong><\/summary>\n<p class=\"has-medium-font-size\">L\u2019histoire de la Fonderie est intimement li\u00e9e \u00e0 celle de Vivier-au-Court.<\/p>\n\n\n\n<p class=\"has-medium-font-size\">Les Ets BOURGARIT-GUILLET : successeurs de GUILLET FAGOT ont \u00e9t\u00e9 fond\u00e9s en 1857, marque (GF). Ils ont \u00e9t\u00e9 ferm\u00e9s en1979.<\/p>\n\n\n\n<p class=\"has-medium-font-size\">Les Ets Jules MANIL fond\u00e9s en 1877 furent c\u00e9d\u00e9s aux Ets WINTENBERGER, d\u00e9j\u00e0 propri\u00e9taire d\u2019une fonderie \u00e0 FREVENT. Le directeur M. FRINGHIAN a fait prosp\u00e9rer l\u2019entreprise MANIL avec l\u2019exclusivit\u00e9 de la fabrication de la fonte GS. L\u2019usine donnait du travail \u00e0 plus de 800 ouvriers lorsqu\u2019elle a \u00e9t\u00e9 c\u00e9d\u00e9e au groupe EATON. D\u00e9but des ann\u00e9es 1980, apr\u00e8s des mois de conflits, l\u2019usine ferme ses portes pour ne plus jamais rouvrir. En 2007, sa d\u00e9molition a commenc\u00e9, pour devenir un groupe scolaire, et un gymnase et une salle des f\u00eates.<\/p>\n\n\n\n<p class=\"has-medium-font-size\">Les Ets BERNARD-HUET, anciennement MORANVILLE-GUILLAUME, ont \u00e9t\u00e9 fond\u00e9s en 1854 avec comme marque (MH). Ils ont \u00e9t\u00e9 rachet\u00e9s par M.DUPIRE le PDG des ETS INVICTA de DONCHERY.<\/p>\n\n\n\n<p class=\"has-medium-font-size\">Les Ets CAMION Fr\u00e8res fond\u00e9s en 1820 ont eu comme marque (CF). Ils ont domin\u00e9 le march\u00e9 de la quincaillerie pendant plus d\u2019un si\u00e8cle et demi. Ils ont disparu dans les ann\u00e9es 1980 pour \u00eatre inclus depuis dans les Ets BERNARD-HUET.<\/p>\n\n\n\n<p class=\"has-medium-font-size\">D\u2019autres \u00ab boutiques \u00bb ont vu le jour :<\/p>\n\n\n\n<p class=\"has-medium-font-size\">La ferronnerie Alfred LAGNEAUX \u00e0 la Fontaine aux Charmes en 1908, la ferronnerie DARDARD, la fonderie de cuivre GUIOT, la ferronnerie LELONG en 1880, la fonderie JACQUEMARD (1829), route de M\u00e9zi\u00e8res, la fonderie DUMAS en 1920, la fonderie de bronze de Marcel ROUSSEAU, et encore bien d\u2019autres\u2026<\/p>\n\n\n\n<p class=\"has-medium-font-size\">De 1927 \u00e0 1934 deux cousins cr\u00e9ent la fonderie de fer \u00ab Cossardeaux et Grosdidier \u00bb. En 1934 la \u00ab FONTE ARDENNAISE \u00bb voit le jour et Emile GROSDIDIER devient majoritaire et seul g\u00e9rant.<\/p>\n\n\n\n<p class=\"has-medium-font-size\">Depuis, l\u2019entreprise a toujours \u00e9t\u00e9 en expansion sous la direction continuelle de la famille GROSDIDIER. Elle donne actuellement du travail \u00e0 plus de 1000 ouvriers dans la r\u00e9gion et m\u00eame dans d\u2019autres r\u00e9gions de France. Fin des ann\u00e9es 1990, la Soci\u00e9t\u00e9 CEVA a vu le jour afin de diversifier les m\u00e9thodes industrielles<\/p>\n\n\n\n<p class=\"has-medium-font-size\">Vivier-au-Court, comme les Ardennes, a toujours \u00e9t\u00e9 une terre d\u2019invasions. 1870, 1914, 1940 ont \u00e9t\u00e9 les ann\u00e9es noires pour le pays. Les maisons ont \u00e9t\u00e9 pill\u00e9es, les usines ont ferm\u00e9 et les hommes sont partis pour la guerre.<\/p>\n<\/details>\n\n\n\n<details class=\"wp-block-details alignwide ma-carte-salle is-layout-flow wp-block-details-is-layout-flow\"><summary><strong>L\u2019\u00e9vacuation 1940<\/strong><\/summary>\n<p class=\"has-medium-font-size\">En mai, l\u2019offensive allemande d\u00e9bute en Belgique, au Luxembourg, en Hollande et en Ardennes.<\/p>\n\n\n\n<p class=\"has-medium-font-size\">Le samedi 11 mai : \u00e9vacuation de Vrigne, les usines travaillent, dans les \u00e9coles distribution de masque \u00e0 gaz.<\/p>\n\n\n\n<p class=\"has-medium-font-size\">Dimanche 12 mai : ordre d\u2019\u00e9vacuation de Vivier (sir\u00e8ne), direction la Vend\u00e9e, Mareuil-sur-Lay. Par quels moyens ? Comme on peut : \u00e0 pied, \u00e0 v\u00e9lo, en chariots \u00e0 chevaux, en carrioles, avec des brouettes, des poussettes, et parfois quelques voitures.<\/p>\n\n\n\n<p class=\"has-medium-font-size\">La Francheville, Boulzicourt, Poix-Terron subissent des attaques a\u00e9riennes.<\/p>\n\n\n\n<p class=\"has-medium-font-size\">Lundi 13 mai les r\u00e9fugi\u00e9s dorment \u00e0 Rethel sur la place, ils subissent des vols d\u2019argent et de biens pr\u00e9cieux.<\/p>\n\n\n\n<p class=\"has-medium-font-size\">Mardi 14 mai ils arrivent \u00e0 Reims, ils prennent un train de marchandises en direction de La Roche-sur-Yon en Vend\u00e9e. Ensuite, transport par cars vers la r\u00e9gion de Mareuil sur Lay, l\u00e0, ils sont bien accueillis dans des maisons am\u00e9nag\u00e9es par eux. Le gouvernement fran\u00e7ais verse 1O Frs par personne et par jour.<\/p>\n\n\n\n<p class=\"has-medium-font-size\">Quelques-uns reviennent vers f\u00e9vrier 1941. L\u2019 entr\u00e9e en zone interdite est tr\u00e8s difficile, les maisons sont ab\u00eem\u00e9es, pill\u00e9es. La vie reprend, mais il y a de plus en plus de restrictions sur les aliments. La plupart ne reviendront que fin 1944.<\/p>\n<\/details>\n\n\n\n<details class=\"wp-block-details alignwide ma-carte-salle is-layout-flow wp-block-details-is-layout-flow\"><summary><strong>Apr\u00e8s la guerre<\/strong><\/summary>\n<p class=\"has-medium-font-size\">Heureusement, pendant trente ans, le secteur a connu le plein emploi. Il a fallu la crise des ann\u00e9es 80 pour que Vivier-au-Court perde une partie de ses usines et rentre en r\u00e9cession. Les ann\u00e9es 2000 ont vu une reprise des activit\u00e9s, la Fonte Ardennaise reste une valeur sure dans la r\u00e9gion et la cr\u00e9ation d\u2019une zone industrielle de 60 ha, devrait redonner \u00e0 Vivier-au-Court, la vitalit\u00e9 qui a toujours fait sa force.<\/p>\n<\/details>\n<\/div>\n","protected":false},"excerpt":{"rendered":"","protected":false},"author":1,"featured_media":0,"parent":0,"menu_order":0,"comment_status":"closed","ping_status":"closed","template":"page-secondaire","meta":{"footnotes":""},"class_list":["post-508","page","type-page","status-publish","hentry"],"_links":{"self":[{"href":"https:\/\/www.vivier-au-court.fr\/index.php?rest_route=\/wp\/v2\/pages\/508","targetHints":{"allow":["GET"]}}],"collection":[{"href":"https:\/\/www.vivier-au-court.fr\/index.php?rest_route=\/wp\/v2\/pages"}],"about":[{"href":"https:\/\/www.vivier-au-court.fr\/index.php?rest_route=\/wp\/v2\/types\/page"}],"author":[{"embeddable":true,"href":"https:\/\/www.vivier-au-court.fr\/index.php?rest_route=\/wp\/v2\/users\/1"}],"replies":[{"embeddable":true,"href":"https:\/\/www.vivier-au-court.fr\/index.php?rest_route=%2Fwp%2Fv2%2Fcomments&post=508"}],"version-history":[{"count":4,"href":"https:\/\/www.vivier-au-court.fr\/index.php?rest_route=\/wp\/v2\/pages\/508\/revisions"}],"predecessor-version":[{"id":844,"href":"https:\/\/www.vivier-au-court.fr\/index.php?rest_route=\/wp\/v2\/pages\/508\/revisions\/844"}],"wp:attachment":[{"href":"https:\/\/www.vivier-au-court.fr\/index.php?rest_route=%2Fwp%2Fv2%2Fmedia&parent=508"}],"curies":[{"name":"wp","href":"https:\/\/api.w.org\/{rel}","templated":true}]}}