{"id":512,"date":"2026-02-13T18:27:52","date_gmt":"2026-02-13T17:27:52","guid":{"rendered":"https:\/\/vac.s11.fr\/?page_id=512"},"modified":"2026-02-24T16:54:36","modified_gmt":"2026-02-24T15:54:36","slug":"les-associations","status":"publish","type":"page","link":"https:\/\/www.vivier-au-court.fr\/?page_id=512","title":{"rendered":"Les associations"},"content":{"rendered":"\n<p class=\"has-small-font-size\">Conform\u00e9ment \u00e0 la loi informatique et libert\u00e9s du 6 janvier 1978, vous disposez d&rsquo;un droit d&rsquo;acc\u00e8s, de rectification et de suppression aupr\u00e8s de la Mairie de Vivier-Au-Court<\/p>\n\n\n\n<div id=\"liste-associations\" class=\"wp-block-group has-global-padding is-layout-constrained wp-block-group-is-layout-constrained\">\n<table class=\"table-associations\">\n  <thead>\n    <tr>\n      <th>Association<\/th>\n      <th>Responsable<\/th>\n    <\/tr>\n  <\/thead>\n  <tbody>\n    <tr><td><span class=\"nom-asso\">UNC LUMES\/VIVIER<\/span><\/td><td><span class=\"president-asso\">M. Claude POTET<\/span><\/td><\/tr>\n    <tr><td><span class=\"nom-asso\">CHORALE LA CHANTERELLE<\/span><\/td><td><span class=\"president-asso\">M. Jean-Loup POMMIER<\/span><\/td><\/tr>\n    <tr><td><span class=\"nom-asso\">COM O&rsquo; BAL (danses de salon)<\/span><\/td><td><span class=\"president-asso\">Mme Evelyne COLAS &#8211; Mme Martine SCHOHN<\/span><\/td><\/tr>\n    <tr><td><span class=\"nom-asso\">ESPACE SOCIAL ET CULTUREL VICTOR HUGO<\/span><\/td><td><span class=\"president-asso\">Mme Eurydice CADREN<\/span><\/td><\/tr>\n    <tr><td><span class=\"nom-asso\">CONFRERIE DU JAMBON SEC D&rsquo;ARDENNES<\/span><\/td><td><span class=\"president-asso\">M. Richard NOLET<\/span><\/td><\/tr>\n    <tr><td><span class=\"nom-asso\">HARMONIE MUNICIPALE<\/span><\/td><td><span class=\"president-asso\">M. Jacky THILLOIS<\/span><\/td><\/tr>\n    <tr><td><span class=\"nom-asso\">LA FANFARE VIVAROISE<\/span><\/td><td><span class=\"president-asso\">M. Jean-Michel RODRIGUES<\/span><\/td><\/tr>\n    <tr><td><span class=\"nom-asso\">THE PHEWS<\/span><\/td><td><span class=\"president-asso\">M. Nicolas YAHIAOUI \/ M. Corentin MAHOUDEAUX<\/span><\/td><\/tr>\n    <tr><td><span class=\"nom-asso\">Association JAZZ PRESSION<\/span><\/td><td><span class=\"president-asso\">M. Emmanuel LUDINARD<\/span><\/td><\/tr>\n    <tr><td><span class=\"nom-asso\">ASSOCIATION DES PARENTS D&rsquo;ELEVES VIVAROIS<\/span><\/td><td><span class=\"president-asso\">Mme Ludivine BAY<\/span><\/td><\/tr>\n    <tr><td><span class=\"nom-asso\">MY ARDENN RICH (Anglais)<\/span><\/td><td><span class=\"president-asso\">M. Herv\u00e9 SALAD\u00c9<\/span><\/td><\/tr>\n    <tr><td><span class=\"nom-asso\">ASSOCATION LA LISA<\/span><\/td><td><span class=\"president-asso\">Mme Sabrina ZAMORA<\/span><\/td><\/tr>\n    <tr><td><span class=\"nom-asso\">LES FRIPOUNETS<\/span><\/td><td><span class=\"president-asso\">Mme Dalila BENAOUDIA<\/span><\/td><\/tr>\n    <tr><td><span class=\"nom-asso\">LES VIVAROIS DU SPECTACLE<\/span><\/td><td><span class=\"president-asso\">M. St\u00e9phane MANDERRIER<\/span><\/td><\/tr>\n    <tr><td><span class=\"nom-asso\">BONSAI VIVAROIS<\/span><\/td><td><span class=\"president-asso\">M. Eric MORLET<\/span><\/td><\/tr>\n    <tr><td><span class=\"nom-asso\">CLUB AGE D&rsquo;OR<\/span><\/td><td><span class=\"president-asso\">Mme Delphine MAZIN<\/span><\/td><\/tr>\n    <tr><td><span class=\"nom-asso\">ESPRIT CANIN AGILITY<\/span><\/td><td><span class=\"president-asso\">M. Dino PALMA<\/span><\/td><\/tr>\n    <tr><td><span class=\"nom-asso\">ASSOCIATION CANI CAT<\/span><\/td><td><span class=\"president-asso\">Mme Claire VASSAUX<\/span><\/td><\/tr>\n    <tr><td><span class=\"nom-asso\">COMITE DE JUMELAGE<\/span><\/td><td><span class=\"president-asso\">M. Vincent STEVENIN<\/span><\/td><\/tr>\n    <tr><td><span class=\"nom-asso\">SOLIDARITE ARDENNES CANCER<\/span><\/td><td><span class=\"president-asso\">M. Bernard GAUTHIER<\/span><\/td><\/tr>\n    <tr><td><span class=\"nom-asso\">C.O.S (Personnel Municipal)<\/span><\/td><td><span class=\"president-asso\">M. Yves TINTINGER<\/span><\/td><\/tr>\n    <tr><td><span class=\"nom-asso\">AMICALE DES SAPEURS POMPIERS<\/span><\/td><td><span class=\"president-asso\">M. Julien VIVET<\/span><\/td><\/tr>\n    <tr><td><span class=\"nom-asso\">CERCLE FAMILIAL ET SOCIAL<\/span><\/td><td><span class=\"president-asso\">M. Bernard HOURLIER<\/span><\/td><\/tr>\n    <tr><td><span class=\"nom-asso\">LA JEUNESSE VIVAROISE<\/span><\/td><td><span class=\"president-asso\">M. Paul MICHEL<\/span><\/td><\/tr>\n    <tr><td><span class=\"nom-asso\">BADMINTON VIVAROIS<\/span><\/td><td><span class=\"president-asso\">Mme Gaelle PONCELET<\/span><\/td><\/tr>\n    <tr><td><span class=\"nom-asso\">CLUB BOULISTE<\/span><\/td><td><span class=\"president-asso\">M. Alain LASSALLE<\/span><\/td><\/tr>\n    <tr><td><span class=\"nom-asso\">SPORTING CLUB VIVAROIS (Football)<\/span><\/td><td><span class=\"president-asso\">M. K\u00e9vin BOIZARD<\/span><\/td><\/tr>\n    <tr><td><span class=\"nom-asso\">DUVA DANCE<\/span><\/td><td><span class=\"president-asso\">Mme Ang\u00e9lique PONSART<\/span><\/td><\/tr>\n    <tr><td><span class=\"nom-asso\">KARATE CLUB<\/span><\/td><td><span class=\"president-asso\">Mme Dominique CAILLE<\/span><\/td><\/tr>\n    <tr><td><span class=\"nom-asso\">CLUB TENNIS DE TABLE<\/span><\/td><td><span class=\"president-asso\">M. Pascal BOIZARD<\/span><\/td><\/tr>\n    <tr><td><span class=\"nom-asso\">AVENIR (gym)<\/span><\/td><td><span class=\"president-asso\">MME FORTIER Sophie<\/span><\/td><\/tr>\n    <tr><td><span class=\"nom-asso\">BILLARD BLACKBALL VIVAROIS<\/span><\/td><td><span class=\"president-asso\">M. Gilles GALLAND<\/span><\/td><\/tr>\n    <tr><td><span class=\"nom-asso\">TEAM PBA VIVAROISE (VTT)<\/span><\/td><td><span class=\"president-asso\">M. Thierry PERARD<\/span><\/td><\/tr>\n    <tr><td><span class=\"nom-asso\">LA RANDO VIVAROISE<\/span><\/td><td><span class=\"president-asso\">M. Philippe LEBLANC<\/span><\/td><\/tr>\n    <tr><td><span class=\"nom-asso\">FIT&rsquo; N FUN<\/span><\/td><td><span class=\"president-asso\">Mme Ang\u00e9lique PONSART<\/span><\/td><\/tr>\n    <tr><td><span class=\"nom-asso\">LA VIVAROISE RYTHMIQUE<\/span><\/td><td><span class=\"president-asso\">Mme Val\u00e9rie BAUDIER<\/span><\/td><\/tr>\n  <\/tbody>\n<\/table>\n<\/div>\n","protected":false},"excerpt":{"rendered":"<p>Conform\u00e9ment \u00e0 la loi informatique et libert\u00e9s du 6 janvier 1978, vous disposez d&rsquo;un droit d&rsquo;acc\u00e8s, de rectification et de suppression aupr\u00e8s de la Mairie de Vivier-Au-Court Association Responsable UNC LUMES\/VIVIER M. Claude POTET CHORALE LA CHANTERELLE M. Jean-Loup POMMIER COM O&rsquo; BAL (danses de salon) Mme Evelyne COLAS &#8211; Mme Martine SCHOHN ESPACE SOCIAL [&hellip;]<\/p>\n","protected":false},"author":1,"featured_media":0,"parent":0,"menu_order":0,"comment_status":"closed","ping_status":"closed","template":"page-secondaire","meta":{"footnotes":""},"class_list":["post-512","page","type-page","status-publish","hentry"],"_links":{"self":[{"href":"https:\/\/www.vivier-au-court.fr\/index.php?rest_route=\/wp\/v2\/pages\/512","targetHints":{"allow":["GET"]}}],"collection":[{"href":"https:\/\/www.vivier-au-court.fr\/index.php?rest_route=\/wp\/v2\/pages"}],"about":[{"href":"https:\/\/www.vivier-au-court.fr\/index.php?rest_route=\/wp\/v2\/types\/page"}],"author":[{"embeddable":true,"href":"https:\/\/www.vivier-au-court.fr\/index.php?rest_route=\/wp\/v2\/users\/1"}],"replies":[{"embeddable":true,"href":"https:\/\/www.vivier-au-court.fr\/index.php?rest_route=%2Fwp%2Fv2%2Fcomments&post=512"}],"version-history":[{"count":6,"href":"https:\/\/www.vivier-au-court.fr\/index.php?rest_route=\/wp\/v2\/pages\/512\/revisions"}],"predecessor-version":[{"id":842,"href":"https:\/\/www.vivier-au-court.fr\/index.php?rest_route=\/wp\/v2\/pages\/512\/revisions\/842"}],"wp:attachment":[{"href":"https:\/\/www.vivier-au-court.fr\/index.php?rest_route=%2Fwp%2Fv2%2Fmedia&parent=512"}],"curies":[{"name":"wp","href":"https:\/\/api.w.org\/{rel}","templated":true}]}}