{"id":574,"date":"2026-02-13T23:07:33","date_gmt":"2026-02-13T22:07:33","guid":{"rendered":"https:\/\/vac.s11.fr\/?page_id=574"},"modified":"2026-03-23T13:09:58","modified_gmt":"2026-03-23T12:09:58","slug":"mentions-legales","status":"publish","type":"page","link":"https:\/\/www.vivier-au-court.fr\/?page_id=574","title":{"rendered":"Mentions L\u00e9gales"},"content":{"rendered":"\n<div class=\"wp-block-group has-global-padding is-layout-constrained wp-block-group-is-layout-constrained\">\n<p><strong>\u00c9diteur du site :<\/strong> Mairie de Vivier-au-Court, <br>44 Place de la r\u00e9publique, 08440 Vivier-au-Court.<\/p>\n\n\n\n<p><strong>Directeur de la publication :<\/strong> Le maire, Eric MORLET.<\/p>\n\n\n\n<p><strong>T\u00e9l\u00e9phone :<\/strong> 03 24 52 13 11<\/p>\n\n\n\n<p><strong>E-mail :<\/strong> mairie@vivier-au-court.fr<\/p>\n\n\n\n<p><strong>H\u00e9bergement :<\/strong> Le site est h\u00e9berg\u00e9 par la soci\u00e9t\u00e9 <strong>OVH<\/strong> <br>(si\u00e8ge social : 2 rue Kellermann, 59100 Roubaix, France).<br> Maintenance technique assur\u00e9e par : <strong>S11<\/strong>, situ\u00e9 \u00e0 <strong>Saint menges<\/strong>.<\/p>\n\n\n\n<p><strong>Cr\u00e9dits photos :<\/strong> Mairie de Vivier-au-Court.<\/p>\n<\/div>\n","protected":false},"excerpt":{"rendered":"<p>\u00c9diteur du site : Mairie de Vivier-au-Court, 44 Place de la r\u00e9publique, 08440 Vivier-au-Court. Directeur de la publication : Le maire, Eric MORLET. T\u00e9l\u00e9phone : 03 24 52 13 11 E-mail : mairie@vivier-au-court.fr H\u00e9bergement : Le site est h\u00e9berg\u00e9 par la soci\u00e9t\u00e9 OVH (si\u00e8ge social : 2 rue Kellermann, 59100 Roubaix, France). Maintenance technique assur\u00e9e [&hellip;]<\/p>\n","protected":false},"author":1,"featured_media":0,"parent":0,"menu_order":0,"comment_status":"closed","ping_status":"closed","template":"page-secondaire","meta":{"footnotes":""},"class_list":["post-574","page","type-page","status-publish","hentry"],"_links":{"self":[{"href":"https:\/\/www.vivier-au-court.fr\/index.php?rest_route=\/wp\/v2\/pages\/574","targetHints":{"allow":["GET"]}}],"collection":[{"href":"https:\/\/www.vivier-au-court.fr\/index.php?rest_route=\/wp\/v2\/pages"}],"about":[{"href":"https:\/\/www.vivier-au-court.fr\/index.php?rest_route=\/wp\/v2\/types\/page"}],"author":[{"embeddable":true,"href":"https:\/\/www.vivier-au-court.fr\/index.php?rest_route=\/wp\/v2\/users\/1"}],"replies":[{"embeddable":true,"href":"https:\/\/www.vivier-au-court.fr\/index.php?rest_route=%2Fwp%2Fv2%2Fcomments&post=574"}],"version-history":[{"count":9,"href":"https:\/\/www.vivier-au-court.fr\/index.php?rest_route=\/wp\/v2\/pages\/574\/revisions"}],"predecessor-version":[{"id":907,"href":"https:\/\/www.vivier-au-court.fr\/index.php?rest_route=\/wp\/v2\/pages\/574\/revisions\/907"}],"wp:attachment":[{"href":"https:\/\/www.vivier-au-court.fr\/index.php?rest_route=%2Fwp%2Fv2%2Fmedia&parent=574"}],"curies":[{"name":"wp","href":"https:\/\/api.w.org\/{rel}","templated":true}]}}