{"id":576,"date":"2026-02-13T23:15:09","date_gmt":"2026-02-13T22:15:09","guid":{"rendered":"https:\/\/vac.s11.fr\/?page_id=576"},"modified":"2026-03-26T00:05:29","modified_gmt":"2026-03-25T23:05:29","slug":"politique-de-confidentialite-2","status":"publish","type":"page","link":"https:\/\/www.vivier-au-court.fr\/?page_id=576","title":{"rendered":"Politique de Confidentialit\u00e9"},"content":{"rendered":"\n<p><\/p>\n\n\n\n<hr class=\"wp-block-separator has-alpha-channel-opacity\"\/>\n\n\n\n<h3 class=\"wp-block-heading has-text-color has-link-color wp-elements-56cdaf02a130e302fdcd8e6ff53c904b\" style=\"color:#01186a\">1. Une navigation 100% priv\u00e9e<\/h3>\n\n\n\n<p class=\"has-medium-font-size\">Le site officiel de la Mairie de Vivier-au-Court est con\u00e7u pour informer les habitants sans jamais collecter de donn\u00e9es personnelles. Pour garantir votre vie priv\u00e9e, nous avons fait des choix techniques stricts :<\/p>\n\n\n\n<p class=\"has-medium-font-size\"><\/p>\n\n\n\n<ul class=\"wp-block-list\">\n<li class=\"has-medium-font-size\">Nous n\u2019utilisons aucun cookie de suivi, analytique ou publicitaire.<br>Le seul cookie pr\u00e9sent est un cookie technique n\u00e9cessaire au bon fonctionnement du site (WordPress), qui ne collecte aucune donn\u00e9e personnelle.<\/li>\n<\/ul>\n\n\n\n<blockquote class=\"wp-block-quote is-layout-flow wp-block-quote-is-layout-flow\">\n<p class=\"has-medium-font-size\">\u00ab\u00a0Note : Pour certains services (cartes, intercommunalit\u00e9), nous utilisons des liens directs vers des sites tiers. En cliquant sur ces liens, vous quittez notre site et \u00eates soumis \u00e0 la politique de confidentialit\u00e9 du site de destination.\u00a0\u00bb<\/p>\n<\/blockquote>\n\n\n\n<h3 class=\"wp-block-heading has-text-color has-link-color wp-elements-ac3f7d092687c903f8b440bfde6194c8\" style=\"color:#000d85\">2. H\u00e9bergement en France<\/h3>\n\n\n\n<p class=\"has-medium-font-size\">Le site est h\u00e9berg\u00e9 sur les serveurs de la soci\u00e9t\u00e9 <strong>OVH SAS<\/strong>, situ\u00e9s en <strong>France<\/strong>. Vos donn\u00e9es techniques (adresse IP de connexion) ne quittent jamais le territoire national et sont prot\u00e9g\u00e9es par les lois fran\u00e7aises.<\/p>\n\n\n\n<p><\/p>\n\n\n\n<h3 class=\"wp-block-heading has-text-color has-link-color wp-elements-23862a72999bf9a0074615f73f4a8a5e\" style=\"color:#000d85\">3. Services Microsoft 365 (Formulaires)<\/h3>\n\n\n\n<p class=\"has-medium-font-size\">Si vous remplissez un formulaire sp\u00e9cifique (via Microsoft Forms), vos donn\u00e9es sont prot\u00e9g\u00e9es par notre abonnement professionnel <strong>Microsoft 365<\/strong>.<\/p>\n\n\n\n<ul class=\"wp-block-list\">\n<li class=\"has-medium-font-size\">Elles sont stock\u00e9es de mani\u00e8re s\u00e9curis\u00e9e et ne sont accessibles qu&rsquo;aux services municipaux comp\u00e9tents.<\/li>\n\n\n\n<li class=\"has-medium-font-size\">Elles ne sont jamais transmises \u00e0 des tiers ou utilis\u00e9es \u00e0 des fins commerciales.<\/li>\n<\/ul>\n\n\n\n<p><\/p>\n\n\n\n<h3 class=\"wp-block-heading has-text-color has-link-color wp-elements-bbc68833d1ea3b4318011aa16b5b61be\" style=\"color:#000d85\">4. Vos Droits<\/h3>\n\n\n\n<p class=\"has-medium-font-size\">Conform\u00e9ment au RGPD, vous disposez d&rsquo;un droit d&rsquo;acc\u00e8s, de rectification et de suppression des informations vous concernant. Pour toute demande, contactez-nous :<\/p>\n\n\n\n<ul class=\"wp-block-list\">\n<li class=\"has-medium-font-size\"><strong>Par e-mail :<\/strong> mairie@vivier-au-court.fr<\/li>\n\n\n\n<li class=\"has-medium-font-size\"><strong>Par courrier :<\/strong> Mairie de Vivier-au-Court, 44 Place de la R\u00e9publique, 08440 Vivier-au-Court.<\/li>\n<\/ul>\n","protected":false},"excerpt":{"rendered":"<p>1. Une navigation 100% priv\u00e9e Le site officiel de la Mairie de Vivier-au-Court est con\u00e7u pour informer les habitants sans jamais collecter de donn\u00e9es personnelles. Pour garantir votre vie priv\u00e9e, nous avons fait des choix techniques stricts : \u00ab\u00a0Note : Pour certains services (cartes, intercommunalit\u00e9), nous utilisons des liens directs vers des sites tiers. En [&hellip;]<\/p>\n","protected":false},"author":1,"featured_media":0,"parent":0,"menu_order":0,"comment_status":"closed","ping_status":"closed","template":"page-secondaire","meta":{"footnotes":""},"class_list":["post-576","page","type-page","status-publish","hentry"],"_links":{"self":[{"href":"https:\/\/www.vivier-au-court.fr\/index.php?rest_route=\/wp\/v2\/pages\/576","targetHints":{"allow":["GET"]}}],"collection":[{"href":"https:\/\/www.vivier-au-court.fr\/index.php?rest_route=\/wp\/v2\/pages"}],"about":[{"href":"https:\/\/www.vivier-au-court.fr\/index.php?rest_route=\/wp\/v2\/types\/page"}],"author":[{"embeddable":true,"href":"https:\/\/www.vivier-au-court.fr\/index.php?rest_route=\/wp\/v2\/users\/1"}],"replies":[{"embeddable":true,"href":"https:\/\/www.vivier-au-court.fr\/index.php?rest_route=%2Fwp%2Fv2%2Fcomments&post=576"}],"version-history":[{"count":6,"href":"https:\/\/www.vivier-au-court.fr\/index.php?rest_route=\/wp\/v2\/pages\/576\/revisions"}],"predecessor-version":[{"id":917,"href":"https:\/\/www.vivier-au-court.fr\/index.php?rest_route=\/wp\/v2\/pages\/576\/revisions\/917"}],"wp:attachment":[{"href":"https:\/\/www.vivier-au-court.fr\/index.php?rest_route=%2Fwp%2Fv2%2Fmedia&parent=576"}],"curies":[{"name":"wp","href":"https:\/\/api.w.org\/{rel}","templated":true}]}}